{"id":13355,"date":"2024-05-03T09:48:29","date_gmt":"2024-05-03T07:48:29","guid":{"rendered":"https:\/\/www.ordinemauriziano.it\/?page_id=13355"},"modified":"2024-05-03T09:48:29","modified_gmt":"2024-05-03T07:48:29","slug":"die-stiftung","status":"publish","type":"page","link":"https:\/\/www.ordinemauriziano.it\/de\/die-stiftung\/","title":{"rendered":"DIE STIFTUNG"},"content":{"rendered":"\t\t<div data-elementor-type=\"wp-page\" data-elementor-id=\"13355\" class=\"elementor elementor-13355 elementor-7836\" data-elementor-post-type=\"page\">\n\t\t\t\t<div class=\"elementor-element elementor-element-90e47c8 e-flex e-con-boxed e-con e-parent\" data-id=\"90e47c8\" data-element_type=\"container\" data-e-type=\"container\" data-settings=\"{&quot;background_background&quot;:&quot;classic&quot;}\">\n\t\t\t\t\t<div class=\"e-con-inner\">\n\t\t\t\t<div class=\"elementor-element elementor-element-1ea0955 animation_type_block sc_fly_static elementor-widget elementor-widget-image\" data-id=\"1ea0955\" data-element_type=\"widget\" data-e-type=\"widget\" data-widget_type=\"image.default\">\n\t\t\t\t<div class=\"elementor-widget-container\">\n\t\t\t\t\t\t\t\t\t\t\t\t\t\t\t<img fetchpriority=\"high\" decoding=\"async\" width=\"768\" height=\"185\" src=\"https:\/\/www.ordinemauriziano.it\/wp-content\/uploads\/2023\/07\/23-fom-fondazione-ordine-mauriziano-logo-principale-orizzontale-768x185.png\" class=\"attachment-medium_large size-medium_large wp-image-16926\" alt=\"Logo completo di Fondazione Ordine Mauriziano\" srcset=\"https:\/\/www.ordinemauriziano.it\/wp-content\/uploads\/2023\/07\/23-fom-fondazione-ordine-mauriziano-logo-principale-orizzontale-768x185.png 768w, https:\/\/www.ordinemauriziano.it\/wp-content\/uploads\/2023\/07\/23-fom-fondazione-ordine-mauriziano-logo-principale-orizzontale-300x72.png 300w, https:\/\/www.ordinemauriziano.it\/wp-content\/uploads\/2023\/07\/23-fom-fondazione-ordine-mauriziano-logo-principale-orizzontale-1024x247.png 1024w, https:\/\/www.ordinemauriziano.it\/wp-content\/uploads\/2023\/07\/23-fom-fondazione-ordine-mauriziano-logo-principale-orizzontale-1536x370.png 1536w, https:\/\/www.ordinemauriziano.it\/wp-content\/uploads\/2023\/07\/23-fom-fondazione-ordine-mauriziano-logo-principale-orizzontale-370x89.png 370w, https:\/\/www.ordinemauriziano.it\/wp-content\/uploads\/2023\/07\/23-fom-fondazione-ordine-mauriziano-logo-principale-orizzontale-770x186.png 770w, https:\/\/www.ordinemauriziano.it\/wp-content\/uploads\/2023\/07\/23-fom-fondazione-ordine-mauriziano-logo-principale-orizzontale-600x145.png 600w, https:\/\/www.ordinemauriziano.it\/wp-content\/uploads\/2023\/07\/23-fom-fondazione-ordine-mauriziano-logo-principale-orizzontale.png 1920w\" sizes=\"(max-width: 768px) 100vw, 768px\" \/>\t\t\t\t\t\t\t\t\t\t\t\t\t\t\t<\/div>\n\t\t\t\t<\/div>\n\t\t\t\t\t<\/div>\n\t\t\t\t<\/div>\n\t\t<div class=\"elementor-element elementor-element-6e6031b e-flex e-con-boxed e-con e-parent\" data-id=\"6e6031b\" data-element_type=\"container\" data-e-type=\"container\" data-settings=\"{&quot;background_background&quot;:&quot;classic&quot;}\">\n\t\t\t\t\t<div class=\"e-con-inner\">\n\t\t\t\t<div class=\"elementor-element elementor-element-b8de46c animation_type_block sc_fly_static elementor-widget elementor-widget-text-editor\" data-id=\"b8de46c\" data-element_type=\"widget\" data-e-type=\"widget\" data-widget_type=\"text-editor.default\">\n\t\t\t\t<div class=\"elementor-widget-container\">\n\t\t\t\t\t\t\t\t\t<p>Die Fondazione Ordine Mauriziano ( Stiftung des Mauritius-Ordens) befasst sich mit der Erhaltung und Verwaltung von <strong>Kulturg\u00fctern des mauritischen Kulturerbes<\/strong>, zu denen die <strong>Palazzina di Caccia di Stupinigi (Stupinigi Jagdhaus), die Pr\u00e4zeptorei S. Antonio di Ranverso, die Abtei Santa Maria di Staffarda und das Historische Archiv<\/strong> geh\u00f6ren.<\/p><p>Neben diesem immensen kulturellen Erbe kommen die mauritische Basilika von Turin, viele andere Denkm\u00e4ler und Kultst\u00e4tten sowie die immateriellen Komponenten der Erinnerungsbewahrung auch.<\/p>\t\t\t\t\t\t\t\t<\/div>\n\t\t\t\t<\/div>\n\t\t\t\t<div class=\"elementor-element elementor-element-dcda53a animation_type_block sc_fly_static elementor-widget elementor-widget-heading\" data-id=\"dcda53a\" data-element_type=\"widget\" data-e-type=\"widget\" data-widget_type=\"heading.default\">\n\t\t\t\t<div class=\"elementor-widget-container\">\n\t\t\t\t\t<h2 class=\"elementor-heading-title elementor-size-default\">Die Geschichte der Stiftung<\/h2>\t\t\t\t<\/div>\n\t\t\t\t<\/div>\n\t\t\t\t<div class=\"elementor-element elementor-element-5e40f07 animation_type_block sc_fly_static elementor-widget elementor-widget-text-editor\" data-id=\"5e40f07\" data-element_type=\"widget\" data-e-type=\"widget\" data-widget_type=\"text-editor.default\">\n\t\t\t\t<div class=\"elementor-widget-container\">\n\t\t\t\t\t\t\t\t\t<p>Die durch das Gesetzesdekret Nr. 277\/2004 (umgewandelt in das Gesetz Nr. 4\/2005) gegr\u00fcndete Stiftung <strong>des Mauritius-Ordens<\/strong> ist jezt Erbin und verantwortlich von die Erhaltung von Kulturg\u00fctern, die zum Erbe des Ordens der Heiligen Mauritius und Lazarus geh\u00f6ren.<\/p><p>Der Orden, der 1572 auf Gehei\u00df von Emanuele Filiberto, Herzog von Savoyen, gegr\u00fcndet wurde, ist das Ergebnis des Zusammenschlusses des Ritter- und Ordens von San Maurizio (Ripaille \u2013 Chablais, 1434) und des Ordens zur Unterst\u00fctzung der Leprakranken von San Lazzaro (Jerusalem, 1090), so dass sich die &#8222;ritterliche Miliz&#8220; den &#8222;barmherzigen Diensten gegen\u00fcber den Kranken&#8220; zuwandte.<\/p><p>Ihr Hauptzweck war es zun\u00e4chst, bed\u00fcrftigen Menschen medizinische Hilfe zu leisten und die Verbreitung des christlichen Glaubens zu f\u00f6rdern. Im Laufe der Jahrhunderte ver\u00e4nderte sie sich dann, bis sie ihre heutige Form erreichte.<\/p><p>Heute ist die Stiftung des Mauritius-Ordens f\u00fcr die Umsetzung der Ziele des Ordens im Bereich der Erhaltung und Aufwertung des mauritischen Kulturerbes verantwortlich.<\/p><p>Parallel zur Entfaltung unserer Geschichte entsteht und w\u00e4chst auch <strong>das Historische Archiv des Ordens<\/strong>, das nach dem Staatsarchiv Turin an zweiter Stelle steht.<\/p>\t\t\t\t\t\t\t\t<\/div>\n\t\t\t\t<\/div>\n\t\t\t\t\t<\/div>\n\t\t\t\t<\/div>\n\t\t\t\t<\/div>\n\t\t","protected":false},"excerpt":{"rendered":"<p>Die Fondazione Ordine Mauriziano ( Stiftung des Mauritius-Ordens) befasst sich mit der Erhaltung und Verwaltung von Kulturg\u00fctern des mauritischen Kulturerbes, zu denen die Palazzina di Caccia di Stupinigi (Stupinigi Jagdhaus), die Pr\u00e4zeptorei S. Antonio di Ranverso, die Abtei Santa Maria di Staffarda und das Historische&hellip;<\/p>\n","protected":false},"author":1,"featured_media":4469,"parent":0,"menu_order":0,"comment_status":"closed","ping_status":"closed","template":"","meta":{"give_campaign_id":0,"footnotes":""},"class_list":["post-13355","page","type-page","status-publish","has-post-thumbnail","hentry"],"yoast_head":"<!-- This site is optimized with the Yoast SEO plugin v27.2 - https:\/\/yoast.com\/product\/yoast-seo-wordpress\/ -->\n<title>DIE STIFTUNG - Fondazione Ordine Mauriziano<\/title>\n<meta name=\"description\" content=\"Die Fondazione Ordine Mauriziano ( Stiftung des Mauritius-Ordens) befasst sich mit der Erhaltung und Verwaltung von Kulturg\u00fctern des mauritischen - Fondazione Ordine Mauriziano\" \/>\n<meta name=\"robots\" content=\"index, follow, max-snippet:-1, max-image-preview:large, max-video-preview:-1\" \/>\n<link rel=\"canonical\" href=\"https:\/\/www.ordinemauriziano.it\/de\/die-stiftung\/\" \/>\n<meta property=\"og:locale\" content=\"de_DE\" \/>\n<meta property=\"og:type\" content=\"article\" \/>\n<meta property=\"og:title\" content=\"DIE STIFTUNG - Fondazione Ordine Mauriziano\" \/>\n<meta property=\"og:description\" content=\"Die Fondazione Ordine Mauriziano ( Stiftung des Mauritius-Ordens) befasst sich mit der Erhaltung und Verwaltung von Kulturg\u00fctern des mauritischen - Fondazione Ordine Mauriziano\" \/>\n<meta property=\"og:url\" content=\"https:\/\/www.ordinemauriziano.it\/de\/die-stiftung\/\" \/>\n<meta property=\"og:site_name\" content=\"Fondazione Ordine Mauriziano\" \/>\n<meta property=\"article:publisher\" content=\"https:\/\/www.facebook.com\/PalazzinaStupinigi.Mauriziano\" \/>\n<meta property=\"og:image\" content=\"https:\/\/www.ordinemauriziano.it\/wp-content\/uploads\/2022\/05\/Bolla-di-Gregorio-XIIIdi-unione-dei-SS.-Maurizio-e-Lazzaro-scaled.jpg\" \/>\n\t<meta property=\"og:image:width\" content=\"2560\" \/>\n\t<meta property=\"og:image:height\" content=\"1874\" \/>\n\t<meta property=\"og:image:type\" content=\"image\/jpeg\" \/>\n<script type=\"application\/ld+json\" class=\"yoast-schema-graph\">{\"@context\":\"https:\/\/schema.org\",\"@graph\":[{\"@type\":\"WebPage\",\"@id\":\"https:\/\/www.ordinemauriziano.it\/de\/die-stiftung\/\",\"url\":\"https:\/\/www.ordinemauriziano.it\/de\/die-stiftung\/\",\"name\":\"DIE STIFTUNG - Fondazione Ordine Mauriziano\",\"isPartOf\":{\"@id\":\"https:\/\/www.ordinemauriziano.it\/de\/#website\"},\"primaryImageOfPage\":{\"@id\":\"https:\/\/www.ordinemauriziano.it\/de\/die-stiftung\/#primaryimage\"},\"image\":{\"@id\":\"https:\/\/www.ordinemauriziano.it\/de\/die-stiftung\/#primaryimage\"},\"thumbnailUrl\":\"https:\/\/www.ordinemauriziano.it\/wp-content\/uploads\/2022\/05\/Bolla-di-Gregorio-XIIIdi-unione-dei-SS.-Maurizio-e-Lazzaro-scaled.jpg\",\"datePublished\":\"2024-05-03T07:48:29+00:00\",\"description\":\"Die Fondazione Ordine Mauriziano ( Stiftung des Mauritius-Ordens) befasst sich mit der Erhaltung und Verwaltung von Kulturg\u00fctern des mauritischen - Fondazione Ordine Mauriziano\",\"breadcrumb\":{\"@id\":\"https:\/\/www.ordinemauriziano.it\/de\/die-stiftung\/#breadcrumb\"},\"inLanguage\":\"de\",\"potentialAction\":[{\"@type\":\"ReadAction\",\"target\":[\"https:\/\/www.ordinemauriziano.it\/de\/die-stiftung\/\"]}]},{\"@type\":\"ImageObject\",\"inLanguage\":\"de\",\"@id\":\"https:\/\/www.ordinemauriziano.it\/de\/die-stiftung\/#primaryimage\",\"url\":\"https:\/\/www.ordinemauriziano.it\/wp-content\/uploads\/2022\/05\/Bolla-di-Gregorio-XIIIdi-unione-dei-SS.-Maurizio-e-Lazzaro-scaled.jpg\",\"contentUrl\":\"https:\/\/www.ordinemauriziano.it\/wp-content\/uploads\/2022\/05\/Bolla-di-Gregorio-XIIIdi-unione-dei-SS.-Maurizio-e-Lazzaro-scaled.jpg\",\"width\":2560,\"height\":1874},{\"@type\":\"BreadcrumbList\",\"@id\":\"https:\/\/www.ordinemauriziano.it\/de\/die-stiftung\/#breadcrumb\",\"itemListElement\":[{\"@type\":\"ListItem\",\"position\":1,\"name\":\"Home\",\"item\":\"https:\/\/www.ordinemauriziano.it\/de\/\"},{\"@type\":\"ListItem\",\"position\":2,\"name\":\"DIE STIFTUNG\"}]},{\"@type\":\"WebSite\",\"@id\":\"https:\/\/www.ordinemauriziano.it\/de\/#website\",\"url\":\"https:\/\/www.ordinemauriziano.it\/de\/\",\"name\":\"Fondazione Ordine Mauriziano\",\"description\":\"\",\"publisher\":{\"@id\":\"https:\/\/www.ordinemauriziano.it\/de\/#organization\"},\"potentialAction\":[{\"@type\":\"SearchAction\",\"target\":{\"@type\":\"EntryPoint\",\"urlTemplate\":\"https:\/\/www.ordinemauriziano.it\/de\/?s={search_term_string}\"},\"query-input\":{\"@type\":\"PropertyValueSpecification\",\"valueRequired\":true,\"valueName\":\"search_term_string\"}}],\"inLanguage\":\"de\"},{\"@type\":\"Organization\",\"@id\":\"https:\/\/www.ordinemauriziano.it\/de\/#organization\",\"name\":\"Fondazione Torino Musei\",\"url\":\"https:\/\/www.ordinemauriziano.it\/de\/\",\"logo\":{\"@type\":\"ImageObject\",\"inLanguage\":\"de\",\"@id\":\"https:\/\/www.ordinemauriziano.it\/de\/#\/schema\/logo\/image\/\",\"url\":\"https:\/\/www.ordinemauriziano.it\/wp-content\/uploads\/2022\/05\/Fondazione-Ordine-Mauriziano.png\",\"contentUrl\":\"https:\/\/www.ordinemauriziano.it\/wp-content\/uploads\/2022\/05\/Fondazione-Ordine-Mauriziano.png\",\"width\":233,\"height\":76,\"caption\":\"Fondazione Torino Musei\"},\"image\":{\"@id\":\"https:\/\/www.ordinemauriziano.it\/de\/#\/schema\/logo\/image\/\"},\"sameAs\":[\"https:\/\/www.facebook.com\/PalazzinaStupinigi.Mauriziano\",\"https:\/\/x.com\/Stupinigi_OM\",\"https:\/\/www.youtube.com\/user\/stupinigimauriziano\"]}]}<\/script>\n<!-- \/ Yoast SEO plugin. -->","yoast_head_json":{"title":"DIE STIFTUNG - Fondazione Ordine Mauriziano","description":"Die Fondazione Ordine Mauriziano ( Stiftung des Mauritius-Ordens) befasst sich mit der Erhaltung und Verwaltung von Kulturg\u00fctern des mauritischen - Fondazione Ordine Mauriziano","robots":{"index":"index","follow":"follow","max-snippet":"max-snippet:-1","max-image-preview":"max-image-preview:large","max-video-preview":"max-video-preview:-1"},"canonical":"https:\/\/www.ordinemauriziano.it\/de\/die-stiftung\/","og_locale":"de_DE","og_type":"article","og_title":"DIE STIFTUNG - Fondazione Ordine Mauriziano","og_description":"Die Fondazione Ordine Mauriziano ( Stiftung des Mauritius-Ordens) befasst sich mit der Erhaltung und Verwaltung von Kulturg\u00fctern des mauritischen - Fondazione Ordine Mauriziano","og_url":"https:\/\/www.ordinemauriziano.it\/de\/die-stiftung\/","og_site_name":"Fondazione Ordine Mauriziano","article_publisher":"https:\/\/www.facebook.com\/PalazzinaStupinigi.Mauriziano","og_image":[{"width":2560,"height":1874,"url":"https:\/\/www.ordinemauriziano.it\/wp-content\/uploads\/2022\/05\/Bolla-di-Gregorio-XIIIdi-unione-dei-SS.-Maurizio-e-Lazzaro-scaled.jpg","type":"image\/jpeg"}],"schema":{"@context":"https:\/\/schema.org","@graph":[{"@type":"WebPage","@id":"https:\/\/www.ordinemauriziano.it\/de\/die-stiftung\/","url":"https:\/\/www.ordinemauriziano.it\/de\/die-stiftung\/","name":"DIE STIFTUNG - Fondazione Ordine Mauriziano","isPartOf":{"@id":"https:\/\/www.ordinemauriziano.it\/de\/#website"},"primaryImageOfPage":{"@id":"https:\/\/www.ordinemauriziano.it\/de\/die-stiftung\/#primaryimage"},"image":{"@id":"https:\/\/www.ordinemauriziano.it\/de\/die-stiftung\/#primaryimage"},"thumbnailUrl":"https:\/\/www.ordinemauriziano.it\/wp-content\/uploads\/2022\/05\/Bolla-di-Gregorio-XIIIdi-unione-dei-SS.-Maurizio-e-Lazzaro-scaled.jpg","datePublished":"2024-05-03T07:48:29+00:00","description":"Die Fondazione Ordine Mauriziano ( Stiftung des Mauritius-Ordens) befasst sich mit der Erhaltung und Verwaltung von Kulturg\u00fctern des mauritischen - Fondazione Ordine Mauriziano","breadcrumb":{"@id":"https:\/\/www.ordinemauriziano.it\/de\/die-stiftung\/#breadcrumb"},"inLanguage":"de","potentialAction":[{"@type":"ReadAction","target":["https:\/\/www.ordinemauriziano.it\/de\/die-stiftung\/"]}]},{"@type":"ImageObject","inLanguage":"de","@id":"https:\/\/www.ordinemauriziano.it\/de\/die-stiftung\/#primaryimage","url":"https:\/\/www.ordinemauriziano.it\/wp-content\/uploads\/2022\/05\/Bolla-di-Gregorio-XIIIdi-unione-dei-SS.-Maurizio-e-Lazzaro-scaled.jpg","contentUrl":"https:\/\/www.ordinemauriziano.it\/wp-content\/uploads\/2022\/05\/Bolla-di-Gregorio-XIIIdi-unione-dei-SS.-Maurizio-e-Lazzaro-scaled.jpg","width":2560,"height":1874},{"@type":"BreadcrumbList","@id":"https:\/\/www.ordinemauriziano.it\/de\/die-stiftung\/#breadcrumb","itemListElement":[{"@type":"ListItem","position":1,"name":"Home","item":"https:\/\/www.ordinemauriziano.it\/de\/"},{"@type":"ListItem","position":2,"name":"DIE STIFTUNG"}]},{"@type":"WebSite","@id":"https:\/\/www.ordinemauriziano.it\/de\/#website","url":"https:\/\/www.ordinemauriziano.it\/de\/","name":"Fondazione Ordine Mauriziano","description":"","publisher":{"@id":"https:\/\/www.ordinemauriziano.it\/de\/#organization"},"potentialAction":[{"@type":"SearchAction","target":{"@type":"EntryPoint","urlTemplate":"https:\/\/www.ordinemauriziano.it\/de\/?s={search_term_string}"},"query-input":{"@type":"PropertyValueSpecification","valueRequired":true,"valueName":"search_term_string"}}],"inLanguage":"de"},{"@type":"Organization","@id":"https:\/\/www.ordinemauriziano.it\/de\/#organization","name":"Fondazione Torino Musei","url":"https:\/\/www.ordinemauriziano.it\/de\/","logo":{"@type":"ImageObject","inLanguage":"de","@id":"https:\/\/www.ordinemauriziano.it\/de\/#\/schema\/logo\/image\/","url":"https:\/\/www.ordinemauriziano.it\/wp-content\/uploads\/2022\/05\/Fondazione-Ordine-Mauriziano.png","contentUrl":"https:\/\/www.ordinemauriziano.it\/wp-content\/uploads\/2022\/05\/Fondazione-Ordine-Mauriziano.png","width":233,"height":76,"caption":"Fondazione Torino Musei"},"image":{"@id":"https:\/\/www.ordinemauriziano.it\/de\/#\/schema\/logo\/image\/"},"sameAs":["https:\/\/www.facebook.com\/PalazzinaStupinigi.Mauriziano","https:\/\/x.com\/Stupinigi_OM","https:\/\/www.youtube.com\/user\/stupinigimauriziano"]}]}},"campaignId":"","_links":{"self":[{"href":"https:\/\/www.ordinemauriziano.it\/de\/wp-json\/wp\/v2\/pages\/13355","targetHints":{"allow":["GET"]}}],"collection":[{"href":"https:\/\/www.ordinemauriziano.it\/de\/wp-json\/wp\/v2\/pages"}],"about":[{"href":"https:\/\/www.ordinemauriziano.it\/de\/wp-json\/wp\/v2\/types\/page"}],"author":[{"embeddable":true,"href":"https:\/\/www.ordinemauriziano.it\/de\/wp-json\/wp\/v2\/users\/1"}],"replies":[{"embeddable":true,"href":"https:\/\/www.ordinemauriziano.it\/de\/wp-json\/wp\/v2\/comments?post=13355"}],"version-history":[{"count":3,"href":"https:\/\/www.ordinemauriziano.it\/de\/wp-json\/wp\/v2\/pages\/13355\/revisions"}],"predecessor-version":[{"id":13360,"href":"https:\/\/www.ordinemauriziano.it\/de\/wp-json\/wp\/v2\/pages\/13355\/revisions\/13360"}],"wp:featuredmedia":[{"embeddable":true,"href":"https:\/\/www.ordinemauriziano.it\/de\/wp-json\/wp\/v2\/media\/4469"}],"wp:attachment":[{"href":"https:\/\/www.ordinemauriziano.it\/de\/wp-json\/wp\/v2\/media?parent=13355"}],"curies":[{"name":"wp","href":"https:\/\/api.w.org\/{rel}","templated":true}]}}