{"id":13384,"date":"2024-05-03T10:29:47","date_gmt":"2024-05-03T08:29:47","guid":{"rendered":"https:\/\/www.ordinemauriziano.it\/?page_id=13384"},"modified":"2024-05-03T10:29:47","modified_gmt":"2024-05-03T08:29:47","slug":"ereignissorte","status":"publish","type":"page","link":"https:\/\/www.ordinemauriziano.it\/de\/santa-maria-di-staffarda-abtei\/ereignissorte\/","title":{"rendered":"Abtei von Staffarda: Ihr perfekter Ort f\u00fcr kulturelle Veranstaltungen und Hochzeitszeremonien"},"content":{"rendered":"\t\t<div data-elementor-type=\"wp-page\" data-elementor-id=\"13384\" class=\"elementor elementor-13384 elementor-7876\" data-elementor-post-type=\"page\">\n\t\t\t\t<div class=\"elementor-element elementor-element-90e47c8 e-flex e-con-boxed e-con e-parent\" data-id=\"90e47c8\" data-element_type=\"container\" data-e-type=\"container\" data-settings=\"{&quot;background_background&quot;:&quot;classic&quot;}\">\n\t\t\t\t\t<div class=\"e-con-inner\">\n\t\t\t\t<div class=\"elementor-element elementor-element-90024fb animation_type_block sc_fly_static elementor-widget elementor-widget-text-editor\" data-id=\"90024fb\" data-element_type=\"widget\" data-e-type=\"widget\" data-widget_type=\"text-editor.default\">\n\t\t\t\t<div class=\"elementor-widget-container\">\n\t\t\t\t\t\t\t\t\t<p>Es ist ein stimmungsvoller Ort, der in eine magische Atmosph\u00e4re voller Geschichte eingetaucht ist und in der Lage ist, Veranstaltungen in der Umgebung von Cuneo willkommen zu hei\u00dfen und zu einem einzigartigen Ort zu werden. Die Abtei von Staffarda bietet die <strong>idealen Veranstaltungsorte<\/strong> f\u00fcr Ihre bedeutenden Momente, sowohl beruflich als auch privat.<\/p><p>In voller Achtung des Ortes k\u00f6nnen Sie einige Bereiche, wie die Abtei, das G\u00e4stehaus und andere R\u00e4ume, f\u00fcr Ereignisse, Konzerte, Konferenzen, k\u00fcnstlerische Installationen, oder<strong> zur eines romantischen Traums<\/strong>, mit einer Hochzeit in der Abtei Staffarda, <strong>kr\u00f6nen<\/strong> nutzen. Im letzteren Fall erinnern wir Sie daran, dass nur diejenigen, die der Pfarrei angeh\u00f6ren, mit einer religi\u00f6sen Zeremonie in Staffarda\u00a0 heiraten k\u00f6nnen.<\/p>\t\t\t\t\t\t\t\t<\/div>\n\t\t\t\t<\/div>\n\t\t\t\t\t<\/div>\n\t\t\t\t<\/div>\n\t\t<div class=\"elementor-element elementor-element-b433b3e e-con-full e-flex e-con e-parent\" data-id=\"b433b3e\" data-element_type=\"container\" data-e-type=\"container\" data-settings=\"{&quot;background_background&quot;:&quot;classic&quot;}\">\n\t\t<div class=\"elementor-element elementor-element-d203c25 e-con-full e-flex e-con e-child\" data-id=\"d203c25\" data-element_type=\"container\" data-e-type=\"container\">\n\t\t\t\t<div class=\"elementor-element elementor-element-d837417 animation_type_block sc_fly_static elementor-widget elementor-widget-google_maps\" data-id=\"d837417\" data-element_type=\"widget\" data-e-type=\"widget\" data-widget_type=\"google_maps.default\">\n\t\t\t\t<div class=\"elementor-widget-container\">\n\t\t\t\t\t\t\t<div class=\"elementor-custom-embed\">\n\t\t\t<iframe loading=\"lazy\"\n\t\t\t\t\tsrc=\"https:\/\/maps.google.com\/maps?q=abbazia%20di%20staffarda&#038;t=m&#038;z=15&#038;output=embed&#038;iwloc=near\"\n\t\t\t\t\ttitle=\"abbazia di staffarda\"\n\t\t\t\t\taria-label=\"abbazia di staffarda\"\n\t\t\t><\/iframe>\n\t\t<\/div>\n\t\t\t\t\t\t<\/div>\n\t\t\t\t<\/div>\n\t\t\t\t<\/div>\n\t\t<div class=\"elementor-element elementor-element-843e83c e-con-full e-flex e-con e-child\" data-id=\"843e83c\" data-element_type=\"container\" data-e-type=\"container\">\n\t\t\t\t<div class=\"elementor-element elementor-element-ebd3339 animation_type_block sc_fly_static elementor-widget elementor-widget-heading\" data-id=\"ebd3339\" data-element_type=\"widget\" data-e-type=\"widget\" data-widget_type=\"heading.default\">\n\t\t\t\t<div class=\"elementor-widget-container\">\n\t\t\t\t\t<h2 class=\"elementor-heading-title elementor-size-default\">Infos und Kontakte<\/h2>\t\t\t\t<\/div>\n\t\t\t\t<\/div>\n\t\t\t\t<div class=\"elementor-element elementor-element-9fd2f71 animation_type_block sc_fly_static elementor-widget elementor-widget-text-editor\" data-id=\"9fd2f71\" data-element_type=\"widget\" data-e-type=\"widget\" data-widget_type=\"text-editor.default\">\n\t\t\t\t<div class=\"elementor-widget-container\">\n\t\t\t\t\t\t\t\t\t<div style=\"font-family: Metropolis, sans-serif; font-size: 15px; font-weight: 400; font-style: normal;\"><strong style=\"font-size: 15px;\">Rom Platz, 2<\/strong><\/div><div style=\"font-family: Metropolis, sans-serif; font-size: 15px; font-weight: 400; font-style: normal;\"><strong style=\"font-size: 15px;\">12036 Frazione Staffarda \u2013 Revello (CN)<\/strong><\/div><div style=\"font-family: Metropolis, sans-serif; font-size: 15px; font-weight: 400; font-style: normal;\">\u00a0<\/div><div style=\"font-family: Metropolis, sans-serif; font-size: 15px; font-weight: 400; font-style: normal;\">+39 011 6200602<br \/>staffarda@biglietteria.<wbr \/>ordinemauriziano.it<\/div>\t\t\t\t\t\t\t\t<\/div>\n\t\t\t\t<\/div>\n\t\t\t\t<\/div>\n\t\t\t\t<\/div>\n\t\t\t\t<\/div>\n\t\t","protected":false},"excerpt":{"rendered":"<p>Es ist ein stimmungsvoller Ort, der in eine magische Atmosph\u00e4re voller Geschichte eingetaucht ist und in der Lage ist, Veranstaltungen in der Umgebung von Cuneo willkommen zu hei\u00dfen und zu einem einzigartigen Ort zu werden. Die Abtei von Staffarda bietet die idealen Veranstaltungsorte f\u00fcr Ihre&hellip;<\/p>\n","protected":false},"author":1,"featured_media":7816,"parent":13361,"menu_order":0,"comment_status":"closed","ping_status":"closed","template":"","meta":{"give_campaign_id":0,"footnotes":""},"class_list":["post-13384","page","type-page","status-publish","has-post-thumbnail","hentry"],"yoast_head":"<!-- This site is optimized with the Yoast SEO plugin v27.2 - https:\/\/yoast.com\/product\/yoast-seo-wordpress\/ -->\n<title>Abtei von Staffarda: Ihr perfekter Ort f\u00fcr kulturelle Veranstaltungen und Hochzeitszeremonien - Fondazione Ordine Mauriziano<\/title>\n<meta name=\"description\" content=\"Es ist ein stimmungsvoller Ort, der in eine magische Atmosph\u00e4re voller Geschichte eingetaucht ist und in der Lage ist, Veranstaltungen in der Umgebung von - Fondazione Ordine Mauriziano\" \/>\n<meta name=\"robots\" content=\"index, follow, max-snippet:-1, max-image-preview:large, max-video-preview:-1\" \/>\n<link rel=\"canonical\" href=\"https:\/\/www.ordinemauriziano.it\/de\/santa-maria-di-staffarda-abtei\/ereignissorte\/\" \/>\n<meta property=\"og:locale\" content=\"de_DE\" \/>\n<meta property=\"og:type\" content=\"article\" \/>\n<meta property=\"og:title\" content=\"Abtei von Staffarda: Ihr perfekter Ort f\u00fcr kulturelle Veranstaltungen und Hochzeitszeremonien - Fondazione Ordine Mauriziano\" \/>\n<meta property=\"og:description\" content=\"Es ist ein stimmungsvoller Ort, der in eine magische Atmosph\u00e4re voller Geschichte eingetaucht ist und in der Lage ist, Veranstaltungen in der Umgebung von - Fondazione Ordine Mauriziano\" \/>\n<meta property=\"og:url\" content=\"https:\/\/www.ordinemauriziano.it\/de\/santa-maria-di-staffarda-abtei\/ereignissorte\/\" \/>\n<meta property=\"og:site_name\" content=\"Fondazione Ordine Mauriziano\" \/>\n<meta property=\"article:publisher\" content=\"https:\/\/www.facebook.com\/PalazzinaStupinigi.Mauriziano\" \/>\n<meta property=\"og:image\" content=\"https:\/\/www.ordinemauriziano.it\/wp-content\/uploads\/2023\/07\/23-fom-sito-web-asset-staffarda-header.jpg\" \/>\n\t<meta property=\"og:image:width\" content=\"1920\" \/>\n\t<meta property=\"og:image:height\" content=\"1080\" \/>\n\t<meta property=\"og:image:type\" content=\"image\/jpeg\" \/>\n<script type=\"application\/ld+json\" class=\"yoast-schema-graph\">{\"@context\":\"https:\/\/schema.org\",\"@graph\":[{\"@type\":\"WebPage\",\"@id\":\"https:\/\/www.ordinemauriziano.it\/de\/santa-maria-di-staffarda-abtei\/ereignissorte\/\",\"url\":\"https:\/\/www.ordinemauriziano.it\/de\/santa-maria-di-staffarda-abtei\/ereignissorte\/\",\"name\":\"Abtei von Staffarda: Ihr perfekter Ort f\u00fcr kulturelle Veranstaltungen und Hochzeitszeremonien - Fondazione Ordine Mauriziano\",\"isPartOf\":{\"@id\":\"https:\/\/www.ordinemauriziano.it\/de\/#website\"},\"primaryImageOfPage\":{\"@id\":\"https:\/\/www.ordinemauriziano.it\/de\/santa-maria-di-staffarda-abtei\/ereignissorte\/#primaryimage\"},\"image\":{\"@id\":\"https:\/\/www.ordinemauriziano.it\/de\/santa-maria-di-staffarda-abtei\/ereignissorte\/#primaryimage\"},\"thumbnailUrl\":\"https:\/\/www.ordinemauriziano.it\/wp-content\/uploads\/2023\/07\/23-fom-sito-web-asset-staffarda-header.jpg\",\"datePublished\":\"2024-05-03T08:29:47+00:00\",\"description\":\"Es ist ein stimmungsvoller Ort, der in eine magische Atmosph\u00e4re voller Geschichte eingetaucht ist und in der Lage ist, Veranstaltungen in der Umgebung von - Fondazione Ordine Mauriziano\",\"breadcrumb\":{\"@id\":\"https:\/\/www.ordinemauriziano.it\/de\/santa-maria-di-staffarda-abtei\/ereignissorte\/#breadcrumb\"},\"inLanguage\":\"de\",\"potentialAction\":[{\"@type\":\"ReadAction\",\"target\":[\"https:\/\/www.ordinemauriziano.it\/de\/santa-maria-di-staffarda-abtei\/ereignissorte\/\"]}]},{\"@type\":\"ImageObject\",\"inLanguage\":\"de\",\"@id\":\"https:\/\/www.ordinemauriziano.it\/de\/santa-maria-di-staffarda-abtei\/ereignissorte\/#primaryimage\",\"url\":\"https:\/\/www.ordinemauriziano.it\/wp-content\/uploads\/2023\/07\/23-fom-sito-web-asset-staffarda-header.jpg\",\"contentUrl\":\"https:\/\/www.ordinemauriziano.it\/wp-content\/uploads\/2023\/07\/23-fom-sito-web-asset-staffarda-header.jpg\",\"width\":1920,\"height\":1080},{\"@type\":\"BreadcrumbList\",\"@id\":\"https:\/\/www.ordinemauriziano.it\/de\/santa-maria-di-staffarda-abtei\/ereignissorte\/#breadcrumb\",\"itemListElement\":[{\"@type\":\"ListItem\",\"position\":1,\"name\":\"Home\",\"item\":\"https:\/\/www.ordinemauriziano.it\/de\/\"},{\"@type\":\"ListItem\",\"position\":2,\"name\":\"Santa Maria di Staffarda Abtei\",\"item\":\"https:\/\/www.ordinemauriziano.it\/de\/santa-maria-di-staffarda-abtei\/\"},{\"@type\":\"ListItem\",\"position\":3,\"name\":\"Abtei von Staffarda: Ihr perfekter Ort f\u00fcr kulturelle Veranstaltungen und Hochzeitszeremonien\"}]},{\"@type\":\"WebSite\",\"@id\":\"https:\/\/www.ordinemauriziano.it\/de\/#website\",\"url\":\"https:\/\/www.ordinemauriziano.it\/de\/\",\"name\":\"Fondazione Ordine Mauriziano\",\"description\":\"\",\"publisher\":{\"@id\":\"https:\/\/www.ordinemauriziano.it\/de\/#organization\"},\"potentialAction\":[{\"@type\":\"SearchAction\",\"target\":{\"@type\":\"EntryPoint\",\"urlTemplate\":\"https:\/\/www.ordinemauriziano.it\/de\/?s={search_term_string}\"},\"query-input\":{\"@type\":\"PropertyValueSpecification\",\"valueRequired\":true,\"valueName\":\"search_term_string\"}}],\"inLanguage\":\"de\"},{\"@type\":\"Organization\",\"@id\":\"https:\/\/www.ordinemauriziano.it\/de\/#organization\",\"name\":\"Fondazione Torino Musei\",\"url\":\"https:\/\/www.ordinemauriziano.it\/de\/\",\"logo\":{\"@type\":\"ImageObject\",\"inLanguage\":\"de\",\"@id\":\"https:\/\/www.ordinemauriziano.it\/de\/#\/schema\/logo\/image\/\",\"url\":\"https:\/\/www.ordinemauriziano.it\/wp-content\/uploads\/2022\/05\/Fondazione-Ordine-Mauriziano.png\",\"contentUrl\":\"https:\/\/www.ordinemauriziano.it\/wp-content\/uploads\/2022\/05\/Fondazione-Ordine-Mauriziano.png\",\"width\":233,\"height\":76,\"caption\":\"Fondazione Torino Musei\"},\"image\":{\"@id\":\"https:\/\/www.ordinemauriziano.it\/de\/#\/schema\/logo\/image\/\"},\"sameAs\":[\"https:\/\/www.facebook.com\/PalazzinaStupinigi.Mauriziano\",\"https:\/\/x.com\/Stupinigi_OM\",\"https:\/\/www.youtube.com\/user\/stupinigimauriziano\"]}]}<\/script>\n<!-- \/ Yoast SEO plugin. -->","yoast_head_json":{"title":"Abtei von Staffarda: Ihr perfekter Ort f\u00fcr kulturelle Veranstaltungen und Hochzeitszeremonien - Fondazione Ordine Mauriziano","description":"Es ist ein stimmungsvoller Ort, der in eine magische Atmosph\u00e4re voller Geschichte eingetaucht ist und in der Lage ist, Veranstaltungen in der Umgebung von - Fondazione Ordine Mauriziano","robots":{"index":"index","follow":"follow","max-snippet":"max-snippet:-1","max-image-preview":"max-image-preview:large","max-video-preview":"max-video-preview:-1"},"canonical":"https:\/\/www.ordinemauriziano.it\/de\/santa-maria-di-staffarda-abtei\/ereignissorte\/","og_locale":"de_DE","og_type":"article","og_title":"Abtei von Staffarda: Ihr perfekter Ort f\u00fcr kulturelle Veranstaltungen und Hochzeitszeremonien - Fondazione Ordine Mauriziano","og_description":"Es ist ein stimmungsvoller Ort, der in eine magische Atmosph\u00e4re voller Geschichte eingetaucht ist und in der Lage ist, Veranstaltungen in der Umgebung von - Fondazione Ordine Mauriziano","og_url":"https:\/\/www.ordinemauriziano.it\/de\/santa-maria-di-staffarda-abtei\/ereignissorte\/","og_site_name":"Fondazione Ordine Mauriziano","article_publisher":"https:\/\/www.facebook.com\/PalazzinaStupinigi.Mauriziano","og_image":[{"width":1920,"height":1080,"url":"https:\/\/www.ordinemauriziano.it\/wp-content\/uploads\/2023\/07\/23-fom-sito-web-asset-staffarda-header.jpg","type":"image\/jpeg"}],"schema":{"@context":"https:\/\/schema.org","@graph":[{"@type":"WebPage","@id":"https:\/\/www.ordinemauriziano.it\/de\/santa-maria-di-staffarda-abtei\/ereignissorte\/","url":"https:\/\/www.ordinemauriziano.it\/de\/santa-maria-di-staffarda-abtei\/ereignissorte\/","name":"Abtei von Staffarda: Ihr perfekter Ort f\u00fcr kulturelle Veranstaltungen und Hochzeitszeremonien - Fondazione Ordine Mauriziano","isPartOf":{"@id":"https:\/\/www.ordinemauriziano.it\/de\/#website"},"primaryImageOfPage":{"@id":"https:\/\/www.ordinemauriziano.it\/de\/santa-maria-di-staffarda-abtei\/ereignissorte\/#primaryimage"},"image":{"@id":"https:\/\/www.ordinemauriziano.it\/de\/santa-maria-di-staffarda-abtei\/ereignissorte\/#primaryimage"},"thumbnailUrl":"https:\/\/www.ordinemauriziano.it\/wp-content\/uploads\/2023\/07\/23-fom-sito-web-asset-staffarda-header.jpg","datePublished":"2024-05-03T08:29:47+00:00","description":"Es ist ein stimmungsvoller Ort, der in eine magische Atmosph\u00e4re voller Geschichte eingetaucht ist und in der Lage ist, Veranstaltungen in der Umgebung von - Fondazione Ordine Mauriziano","breadcrumb":{"@id":"https:\/\/www.ordinemauriziano.it\/de\/santa-maria-di-staffarda-abtei\/ereignissorte\/#breadcrumb"},"inLanguage":"de","potentialAction":[{"@type":"ReadAction","target":["https:\/\/www.ordinemauriziano.it\/de\/santa-maria-di-staffarda-abtei\/ereignissorte\/"]}]},{"@type":"ImageObject","inLanguage":"de","@id":"https:\/\/www.ordinemauriziano.it\/de\/santa-maria-di-staffarda-abtei\/ereignissorte\/#primaryimage","url":"https:\/\/www.ordinemauriziano.it\/wp-content\/uploads\/2023\/07\/23-fom-sito-web-asset-staffarda-header.jpg","contentUrl":"https:\/\/www.ordinemauriziano.it\/wp-content\/uploads\/2023\/07\/23-fom-sito-web-asset-staffarda-header.jpg","width":1920,"height":1080},{"@type":"BreadcrumbList","@id":"https:\/\/www.ordinemauriziano.it\/de\/santa-maria-di-staffarda-abtei\/ereignissorte\/#breadcrumb","itemListElement":[{"@type":"ListItem","position":1,"name":"Home","item":"https:\/\/www.ordinemauriziano.it\/de\/"},{"@type":"ListItem","position":2,"name":"Santa Maria di Staffarda Abtei","item":"https:\/\/www.ordinemauriziano.it\/de\/santa-maria-di-staffarda-abtei\/"},{"@type":"ListItem","position":3,"name":"Abtei von Staffarda: Ihr perfekter Ort f\u00fcr kulturelle Veranstaltungen und Hochzeitszeremonien"}]},{"@type":"WebSite","@id":"https:\/\/www.ordinemauriziano.it\/de\/#website","url":"https:\/\/www.ordinemauriziano.it\/de\/","name":"Fondazione Ordine Mauriziano","description":"","publisher":{"@id":"https:\/\/www.ordinemauriziano.it\/de\/#organization"},"potentialAction":[{"@type":"SearchAction","target":{"@type":"EntryPoint","urlTemplate":"https:\/\/www.ordinemauriziano.it\/de\/?s={search_term_string}"},"query-input":{"@type":"PropertyValueSpecification","valueRequired":true,"valueName":"search_term_string"}}],"inLanguage":"de"},{"@type":"Organization","@id":"https:\/\/www.ordinemauriziano.it\/de\/#organization","name":"Fondazione Torino Musei","url":"https:\/\/www.ordinemauriziano.it\/de\/","logo":{"@type":"ImageObject","inLanguage":"de","@id":"https:\/\/www.ordinemauriziano.it\/de\/#\/schema\/logo\/image\/","url":"https:\/\/www.ordinemauriziano.it\/wp-content\/uploads\/2022\/05\/Fondazione-Ordine-Mauriziano.png","contentUrl":"https:\/\/www.ordinemauriziano.it\/wp-content\/uploads\/2022\/05\/Fondazione-Ordine-Mauriziano.png","width":233,"height":76,"caption":"Fondazione Torino Musei"},"image":{"@id":"https:\/\/www.ordinemauriziano.it\/de\/#\/schema\/logo\/image\/"},"sameAs":["https:\/\/www.facebook.com\/PalazzinaStupinigi.Mauriziano","https:\/\/x.com\/Stupinigi_OM","https:\/\/www.youtube.com\/user\/stupinigimauriziano"]}]}},"campaignId":"","_links":{"self":[{"href":"https:\/\/www.ordinemauriziano.it\/de\/wp-json\/wp\/v2\/pages\/13384","targetHints":{"allow":["GET"]}}],"collection":[{"href":"https:\/\/www.ordinemauriziano.it\/de\/wp-json\/wp\/v2\/pages"}],"about":[{"href":"https:\/\/www.ordinemauriziano.it\/de\/wp-json\/wp\/v2\/types\/page"}],"author":[{"embeddable":true,"href":"https:\/\/www.ordinemauriziano.it\/de\/wp-json\/wp\/v2\/users\/1"}],"replies":[{"embeddable":true,"href":"https:\/\/www.ordinemauriziano.it\/de\/wp-json\/wp\/v2\/comments?post=13384"}],"version-history":[{"count":6,"href":"https:\/\/www.ordinemauriziano.it\/de\/wp-json\/wp\/v2\/pages\/13384\/revisions"}],"predecessor-version":[{"id":13390,"href":"https:\/\/www.ordinemauriziano.it\/de\/wp-json\/wp\/v2\/pages\/13384\/revisions\/13390"}],"up":[{"embeddable":true,"href":"https:\/\/www.ordinemauriziano.it\/de\/wp-json\/wp\/v2\/pages\/13361"}],"wp:featuredmedia":[{"embeddable":true,"href":"https:\/\/www.ordinemauriziano.it\/de\/wp-json\/wp\/v2\/media\/7816"}],"wp:attachment":[{"href":"https:\/\/www.ordinemauriziano.it\/de\/wp-json\/wp\/v2\/media?parent=13384"}],"curies":[{"name":"wp","href":"https:\/\/api.w.org\/{rel}","templated":true}]}}