{"id":13391,"date":"2024-05-03T10:29:55","date_gmt":"2024-05-03T08:29:55","guid":{"rendered":"https:\/\/www.ordinemauriziano.it\/?page_id=13391"},"modified":"2024-05-03T10:29:55","modified_gmt":"2024-05-03T08:29:55","slug":"besuchen-sie-staffarda","status":"publish","type":"page","link":"https:\/\/www.ordinemauriziano.it\/de\/santa-maria-di-staffarda-abtei\/besuchen-sie-staffarda\/","title":{"rendered":"Besuchen Sie Staffarda: \u00d6ffnungszeiten und Informationen"},"content":{"rendered":"\t\t<div data-elementor-type=\"wp-page\" data-elementor-id=\"13391\" class=\"elementor elementor-13391 elementor-8364\" data-elementor-post-type=\"page\">\n\t\t\t\t<div class=\"elementor-element elementor-element-63cd554 e-flex e-con-boxed e-con e-parent\" data-id=\"63cd554\" data-element_type=\"container\" data-e-type=\"container\" data-settings=\"{&quot;background_background&quot;:&quot;classic&quot;}\">\n\t\t\t\t\t<div class=\"e-con-inner\">\n\t\t\t\t<div class=\"elementor-element elementor-element-96d53ed elementor-widget__width-inherit animation_type_block sc_fly_static elementor-widget elementor-widget-heading\" data-id=\"96d53ed\" data-element_type=\"widget\" data-e-type=\"widget\" data-widget_type=\"heading.default\">\n\t\t\t\t<div class=\"elementor-widget-container\">\n\t\t\t\t\t<h2 class=\"elementor-heading-title elementor-size-default\">\u00d6ffnungszeiten<\/h2>\t\t\t\t<\/div>\n\t\t\t\t<\/div>\n\t\t\t\t<div class=\"elementor-element elementor-element-2a4a0ad elementor-widget__width-initial animation_type_block sc_fly_static elementor-widget elementor-widget-text-editor\" data-id=\"2a4a0ad\" data-element_type=\"widget\" data-e-type=\"widget\" data-widget_type=\"text-editor.default\">\n\t\t\t\t<div class=\"elementor-widget-container\">\n\t\t\t\t\t\t\t\t\t<p><strong><u>Von Dienstag bis Sonntag<\/u><\/strong>, von 9:00 bis 12:30 Uhr (letzter Einlass um 12:00 Uhr) und von 13:30 bis 17:00 Uhr (letzter Einlass um 16:30 Uhr)<\/p><p><strong><u>Montag geschlossen<\/u><\/strong><\/p><p>Sofern nicht anders angegeben, ist die Abtei an <strong>Feiertagen <\/strong>geschlossen.<\/p><p><strong><u>AUSSERORDENTLICHE \u00d6FFNUNGSZEITEN UND SCHLIESSUNGEN<\/u><\/strong><\/p><p><strong>Freitag 8. Dezember<\/strong>: ge\u00f6ffnet;<br \/><strong>Sonntag 24. Dezember<\/strong>: geschlossen;<br \/><strong>Montag 26. Dezember:<\/strong> ge\u00f6ffnet;<br \/><strong>Sonntag 31. Dezember:<\/strong> geschlossen.<br \/><strong>Samstag 6. Januar:<\/strong> ge\u00f6ffnet.<\/p><p>Der Besuch ist f\u00fcr Menschen mit Behinderungen zug\u00e4nglich.<\/p><h3>GEF\u00dcHRTE TOUREN<\/h3><p><strong><u>Gef\u00fcrhte Touren sind nach vorheriger Reservierung m\u00f6glich<\/u><\/strong>. Bitte senden Sie Ihre Anfrage an<br \/><a href=\"mailto:staffarda@biglietteria.ordinemauriziano.it\">staffarda@biglietteria.ordinemauriziano.it<\/a><\/p>\t\t\t\t\t\t\t\t<\/div>\n\t\t\t\t<\/div>\n\t\t\t\t<div class=\"elementor-element elementor-element-5b87416 elementor-widget__width-initial animation_type_block sc_fly_static elementor-widget elementor-widget-image\" data-id=\"5b87416\" data-element_type=\"widget\" data-e-type=\"widget\" data-widget_type=\"image.default\">\n\t\t\t\t<div class=\"elementor-widget-container\">\n\t\t\t\t\t\t\t\t\t\t\t\t\t\t\t<img fetchpriority=\"high\" decoding=\"async\" width=\"826\" height=\"692\" src=\"https:\/\/www.ordinemauriziano.it\/wp-content\/uploads\/2023\/07\/23-fom-sito-web-asset-staffarda-carosello-1.jpg\" class=\"attachment-large size-large wp-image-13371\" alt=\"Vista frontale con giardino\" srcset=\"https:\/\/www.ordinemauriziano.it\/wp-content\/uploads\/2023\/07\/23-fom-sito-web-asset-staffarda-carosello-1.jpg 826w, https:\/\/www.ordinemauriziano.it\/wp-content\/uploads\/2023\/07\/23-fom-sito-web-asset-staffarda-carosello-1-300x251.jpg 300w, https:\/\/www.ordinemauriziano.it\/wp-content\/uploads\/2023\/07\/23-fom-sito-web-asset-staffarda-carosello-1-768x643.jpg 768w, https:\/\/www.ordinemauriziano.it\/wp-content\/uploads\/2023\/07\/23-fom-sito-web-asset-staffarda-carosello-1-370x310.jpg 370w, https:\/\/www.ordinemauriziano.it\/wp-content\/uploads\/2023\/07\/23-fom-sito-web-asset-staffarda-carosello-1-770x645.jpg 770w, https:\/\/www.ordinemauriziano.it\/wp-content\/uploads\/2023\/07\/23-fom-sito-web-asset-staffarda-carosello-1-600x503.jpg 600w\" sizes=\"(max-width: 826px) 100vw, 826px\" \/>\t\t\t\t\t\t\t\t\t\t\t\t\t\t\t<\/div>\n\t\t\t\t<\/div>\n\t\t\t\t<div class=\"elementor-element elementor-element-c928902 elementor-widget__width-inherit animation_type_block sc_fly_static elementor-widget elementor-widget-heading\" data-id=\"c928902\" data-element_type=\"widget\" data-e-type=\"widget\" data-widget_type=\"heading.default\">\n\t\t\t\t<div class=\"elementor-widget-container\">\n\t\t\t\t\t<h2 class=\"elementor-heading-title elementor-size-default\">Tickets<\/h2>\t\t\t\t<\/div>\n\t\t\t\t<\/div>\n\t\t\t\t<div class=\"elementor-element elementor-element-7e09e11 elementor-widget__width-initial animation_type_block sc_fly_static elementor-widget elementor-widget-image\" data-id=\"7e09e11\" data-element_type=\"widget\" data-e-type=\"widget\" data-widget_type=\"image.default\">\n\t\t\t\t<div class=\"elementor-widget-container\">\n\t\t\t\t\t\t\t\t\t\t\t\t\t\t\t<img decoding=\"async\" width=\"826\" height=\"692\" src=\"https:\/\/www.ordinemauriziano.it\/wp-content\/uploads\/2023\/07\/23-fom-sito-web-asset-staffarda-carosello-3.jpg\" class=\"attachment-large size-large wp-image-13374\" alt=\"Vista interno abazzia\" srcset=\"https:\/\/www.ordinemauriziano.it\/wp-content\/uploads\/2023\/07\/23-fom-sito-web-asset-staffarda-carosello-3.jpg 826w, https:\/\/www.ordinemauriziano.it\/wp-content\/uploads\/2023\/07\/23-fom-sito-web-asset-staffarda-carosello-3-300x251.jpg 300w, https:\/\/www.ordinemauriziano.it\/wp-content\/uploads\/2023\/07\/23-fom-sito-web-asset-staffarda-carosello-3-768x643.jpg 768w, https:\/\/www.ordinemauriziano.it\/wp-content\/uploads\/2023\/07\/23-fom-sito-web-asset-staffarda-carosello-3-370x310.jpg 370w, https:\/\/www.ordinemauriziano.it\/wp-content\/uploads\/2023\/07\/23-fom-sito-web-asset-staffarda-carosello-3-770x645.jpg 770w, https:\/\/www.ordinemauriziano.it\/wp-content\/uploads\/2023\/07\/23-fom-sito-web-asset-staffarda-carosello-3-600x503.jpg 600w\" sizes=\"(max-width: 826px) 100vw, 826px\" \/>\t\t\t\t\t\t\t\t\t\t\t\t\t\t\t<\/div>\n\t\t\t\t<\/div>\n\t\t\t\t<div class=\"elementor-element elementor-element-a71725c elementor-widget__width-initial animation_type_block sc_fly_static elementor-widget elementor-widget-text-editor\" data-id=\"a71725c\" data-element_type=\"widget\" data-e-type=\"widget\" data-widget_type=\"text-editor.default\">\n\t\t\t\t<div class=\"elementor-widget-container\">\n\t\t\t\t\t\t\t\t\t<h3>TARIFE<\/h3><ul><li aria-level=\"2\"><p><strong>VOLLPREIS: 6,50 Euro<\/strong><\/p><\/li><li aria-level=\"2\"><p><strong>ERM\u00c4SSIGTER PREIS F\u00dcR GRUPPEN: 4,50 Euro<\/strong><\/p><p><em><strong>Gruppen ab 20 Personen (nach Reservierung), Studenten der EU-Universit\u00e4t, Ordnungskr\u00e4fte.<\/strong><\/em><\/p><\/li><li aria-level=\"2\"><p><strong>ERM\u00c4SSIGTE EINTRITTSKARTE F\u00dcR SCHULEN: 3,50 Euro<\/strong><\/p><p><em><strong>Sch\u00fcler der Sekundarschulen, Besucher \u00fcber 65 Jahre und zwischen 10 und 18 Jahren, Lehrpersonal.<\/strong><\/em><\/p><\/li><li aria-level=\"2\"><p><strong>FREIES TICKET<\/strong><\/p><em><strong>Unter zehn Jahren, Behinderte, Inhaber des \u201cAbbonamento Musei\u201d Pass.<\/strong><\/em><\/li><\/ul>\t\t\t\t\t\t\t\t<\/div>\n\t\t\t\t<\/div>\n\t\t\t\t<div class=\"elementor-element elementor-element-3b6afa5 elementor-widget__width-initial animation_type_block sc_fly_static elementor-widget elementor-widget-text-editor\" data-id=\"3b6afa5\" data-element_type=\"widget\" data-e-type=\"widget\" data-widget_type=\"text-editor.default\">\n\t\t\t\t<div class=\"elementor-widget-container\">\n\t\t\t\t\t\t\t\t\t<h3>TICKET F\u00dcR MEHRERE ATTRAKTIONEN<\/h3><p>Es ist m\u00f6glich, ein Ticket f\u00fcr mehrere Attraktionen zu kaufen, mit dem Sie Zugang zu den drei mauritischen Sehensw\u00fcrdigkeiten (<strong>Palazzina di Caccia di Stupinigi, Abbazia di Staffarda und Precettoria di Sant&#8216; Antonio di Ranverso<\/strong>) haben. Diese erm\u00e4\u00dfigten Tickets gew\u00e4hren 12 Monate lang einen kostenlosen Wiederholungseintritt.<\/p><p>Vollpreis-Ticket 18 Euro<br \/>Erm\u00e4\u00dfigtes Ticket 13 Euro, f\u00fcr Personen unter 18 Jahren, \u00fcber 65 Jahre, Behinderte und Gruppen (mind. 15 Personen).<\/p>\t\t\t\t\t\t\t\t<\/div>\n\t\t\t\t<\/div>\n\t\t\t\t<div class=\"elementor-element elementor-element-3d634e4 elementor-widget-tablet__width-initial animation_type_block sc_fly_static elementor-widget elementor-widget-image\" data-id=\"3d634e4\" data-element_type=\"widget\" data-e-type=\"widget\" data-widget_type=\"image.default\">\n\t\t\t\t<div class=\"elementor-widget-container\">\n\t\t\t\t\t\t\t\t\t\t\t\t\t\t\t<img decoding=\"async\" width=\"519\" height=\"360\" src=\"https:\/\/www.ordinemauriziano.it\/wp-content\/uploads\/2023\/07\/23-fom-corno-avvisi.png\" class=\"attachment-large size-large wp-image-13502\" alt=\"Icona notizie fondazione ordine mauriziano\" srcset=\"https:\/\/www.ordinemauriziano.it\/wp-content\/uploads\/2023\/07\/23-fom-corno-avvisi.png 519w, https:\/\/www.ordinemauriziano.it\/wp-content\/uploads\/2023\/07\/23-fom-corno-avvisi-300x208.png 300w, https:\/\/www.ordinemauriziano.it\/wp-content\/uploads\/2023\/07\/23-fom-corno-avvisi-370x257.png 370w\" sizes=\"(max-width: 519px) 100vw, 519px\" \/>\t\t\t\t\t\t\t\t\t\t\t\t\t\t\t<\/div>\n\t\t\t\t<\/div>\n\t\t\t\t\t<\/div>\n\t\t\t\t<\/div>\n\t\t<div class=\"elementor-element elementor-element-b433b3e e-con-full e-flex e-con e-parent\" data-id=\"b433b3e\" data-element_type=\"container\" data-e-type=\"container\" data-settings=\"{&quot;background_background&quot;:&quot;classic&quot;}\">\n\t\t<div class=\"elementor-element elementor-element-d203c25 e-con-full e-flex e-con e-child\" data-id=\"d203c25\" data-element_type=\"container\" data-e-type=\"container\">\n\t\t\t\t<div class=\"elementor-element elementor-element-d837417 animation_type_block sc_fly_static elementor-widget elementor-widget-google_maps\" data-id=\"d837417\" data-element_type=\"widget\" data-e-type=\"widget\" data-widget_type=\"google_maps.default\">\n\t\t\t\t<div class=\"elementor-widget-container\">\n\t\t\t\t\t\t\t<div class=\"elementor-custom-embed\">\n\t\t\t<iframe loading=\"lazy\"\n\t\t\t\t\tsrc=\"https:\/\/maps.google.com\/maps?q=abbazia%20staffarda&#038;t=m&#038;z=15&#038;output=embed&#038;iwloc=near\"\n\t\t\t\t\ttitle=\"abbazia staffarda\"\n\t\t\t\t\taria-label=\"abbazia staffarda\"\n\t\t\t><\/iframe>\n\t\t<\/div>\n\t\t\t\t\t\t<\/div>\n\t\t\t\t<\/div>\n\t\t\t\t<\/div>\n\t\t<div class=\"elementor-element elementor-element-843e83c e-con-full e-flex e-con e-child\" data-id=\"843e83c\" data-element_type=\"container\" data-e-type=\"container\">\n\t\t\t\t<div class=\"elementor-element elementor-element-ebd3339 animation_type_block sc_fly_static elementor-widget elementor-widget-heading\" data-id=\"ebd3339\" data-element_type=\"widget\" data-e-type=\"widget\" data-widget_type=\"heading.default\">\n\t\t\t\t<div class=\"elementor-widget-container\">\n\t\t\t\t\t<h2 class=\"elementor-heading-title elementor-size-default\">Infos und Kontakte<\/h2>\t\t\t\t<\/div>\n\t\t\t\t<\/div>\n\t\t\t\t<div class=\"elementor-element elementor-element-6b3282f animation_type_block sc_fly_static elementor-widget elementor-widget-text-editor\" data-id=\"6b3282f\" data-element_type=\"widget\" data-e-type=\"widget\" data-widget_type=\"text-editor.default\">\n\t\t\t\t<div class=\"elementor-widget-container\">\n\t\t\t\t\t\t\t\t\t<div style=\"font-family: Metropolis, sans-serif; font-size: 15px; font-weight: 400; font-style: normal;\"><strong style=\"font-size: 15px;\">Rom Platz, 2<\/strong><\/div><div style=\"font-family: Metropolis, sans-serif; font-size: 15px; font-weight: 400; font-style: normal;\"><strong style=\"font-size: 15px;\">12036 Frazione Staffarda \u2013 Revello (CN)<\/strong><\/div><div style=\"font-family: Metropolis, sans-serif; font-size: 15px; font-weight: 400; font-style: normal;\">\u00a0<\/div><div style=\"font-family: Metropolis, sans-serif; font-size: 15px; font-weight: 400; font-style: normal;\"><span style=\"font-family: Metropolis, sans-serif; font-size: 15px; font-weight: 400; font-style: normal;\">+39 011 6200602<\/span><br \/><span style=\"font-family: Metropolis, sans-serif; font-size: 15px; font-weight: 400; font-style: normal;\">staffarda@biglietteria.<\/span><wbr \/><span style=\"font-family: Metropolis, sans-serif; font-size: 15px; font-weight: 400; font-style: normal;\">ordinemauriziano.it<\/span><\/div>\t\t\t\t\t\t\t\t<\/div>\n\t\t\t\t<\/div>\n\t\t\t\t<\/div>\n\t\t\t\t<\/div>\n\t\t\t\t<\/div>\n\t\t","protected":false},"excerpt":{"rendered":"<p>\u00d6ffnungszeiten Von Dienstag bis Sonntag, von 9:00 bis 12:30 Uhr (letzter Einlass um 12:00 Uhr) und von 13:30 bis 17:00 Uhr (letzter Einlass um 16:30 Uhr) Montag geschlossen Sofern nicht anders angegeben, ist die Abtei an Feiertagen geschlossen. AUSSERORDENTLICHE \u00d6FFNUNGSZEITEN UND SCHLIESSUNGEN Freitag 8. Dezember:&hellip;<\/p>\n","protected":false},"author":1,"featured_media":7816,"parent":13361,"menu_order":0,"comment_status":"closed","ping_status":"closed","template":"","meta":{"give_campaign_id":0,"footnotes":""},"class_list":["post-13391","page","type-page","status-publish","has-post-thumbnail","hentry"],"yoast_head":"<!-- This site is optimized with the Yoast SEO plugin v27.2 - https:\/\/yoast.com\/product\/yoast-seo-wordpress\/ -->\n<title>Besuchen Sie Staffarda: \u00d6ffnungszeiten und Informationen - Fondazione Ordine Mauriziano<\/title>\n<meta name=\"description\" content=\"\u00d6ffnungszeiten Von Dienstag bis Sonntag, von 9:00 bis 12:30 Uhr (letzter Einlass um 12:00 Uhr) und von 13:30 bis 17:00 Uhr (letzter Einlass um 16:30 Uhr) - Fondazione Ordine Mauriziano\" \/>\n<meta name=\"robots\" content=\"index, follow, max-snippet:-1, max-image-preview:large, max-video-preview:-1\" \/>\n<link rel=\"canonical\" href=\"https:\/\/www.ordinemauriziano.it\/de\/santa-maria-di-staffarda-abtei\/besuchen-sie-staffarda\/\" \/>\n<meta property=\"og:locale\" content=\"de_DE\" \/>\n<meta property=\"og:type\" content=\"article\" \/>\n<meta property=\"og:title\" content=\"Besuchen Sie Staffarda: \u00d6ffnungszeiten und Informationen - Fondazione Ordine Mauriziano\" \/>\n<meta property=\"og:description\" content=\"\u00d6ffnungszeiten Von Dienstag bis Sonntag, von 9:00 bis 12:30 Uhr (letzter Einlass um 12:00 Uhr) und von 13:30 bis 17:00 Uhr (letzter Einlass um 16:30 Uhr) - Fondazione Ordine Mauriziano\" \/>\n<meta property=\"og:url\" content=\"https:\/\/www.ordinemauriziano.it\/de\/santa-maria-di-staffarda-abtei\/besuchen-sie-staffarda\/\" \/>\n<meta property=\"og:site_name\" content=\"Fondazione Ordine Mauriziano\" \/>\n<meta property=\"article:publisher\" content=\"https:\/\/www.facebook.com\/PalazzinaStupinigi.Mauriziano\" \/>\n<meta property=\"og:image\" content=\"https:\/\/www.ordinemauriziano.it\/wp-content\/uploads\/2023\/07\/23-fom-sito-web-asset-staffarda-header.jpg\" \/>\n\t<meta property=\"og:image:width\" content=\"1920\" \/>\n\t<meta property=\"og:image:height\" content=\"1080\" \/>\n\t<meta property=\"og:image:type\" content=\"image\/jpeg\" \/>\n<script type=\"application\/ld+json\" class=\"yoast-schema-graph\">{\"@context\":\"https:\/\/schema.org\",\"@graph\":[{\"@type\":\"WebPage\",\"@id\":\"https:\/\/www.ordinemauriziano.it\/de\/santa-maria-di-staffarda-abtei\/besuchen-sie-staffarda\/\",\"url\":\"https:\/\/www.ordinemauriziano.it\/de\/santa-maria-di-staffarda-abtei\/besuchen-sie-staffarda\/\",\"name\":\"Besuchen Sie Staffarda: \u00d6ffnungszeiten und Informationen - Fondazione Ordine Mauriziano\",\"isPartOf\":{\"@id\":\"https:\/\/www.ordinemauriziano.it\/de\/#website\"},\"primaryImageOfPage\":{\"@id\":\"https:\/\/www.ordinemauriziano.it\/de\/santa-maria-di-staffarda-abtei\/besuchen-sie-staffarda\/#primaryimage\"},\"image\":{\"@id\":\"https:\/\/www.ordinemauriziano.it\/de\/santa-maria-di-staffarda-abtei\/besuchen-sie-staffarda\/#primaryimage\"},\"thumbnailUrl\":\"https:\/\/www.ordinemauriziano.it\/wp-content\/uploads\/2023\/07\/23-fom-sito-web-asset-staffarda-header.jpg\",\"datePublished\":\"2024-05-03T08:29:55+00:00\",\"description\":\"\u00d6ffnungszeiten Von Dienstag bis Sonntag, von 9:00 bis 12:30 Uhr (letzter Einlass um 12:00 Uhr) und von 13:30 bis 17:00 Uhr (letzter Einlass um 16:30 Uhr) - Fondazione Ordine Mauriziano\",\"breadcrumb\":{\"@id\":\"https:\/\/www.ordinemauriziano.it\/de\/santa-maria-di-staffarda-abtei\/besuchen-sie-staffarda\/#breadcrumb\"},\"inLanguage\":\"de\",\"potentialAction\":[{\"@type\":\"ReadAction\",\"target\":[\"https:\/\/www.ordinemauriziano.it\/de\/santa-maria-di-staffarda-abtei\/besuchen-sie-staffarda\/\"]}]},{\"@type\":\"ImageObject\",\"inLanguage\":\"de\",\"@id\":\"https:\/\/www.ordinemauriziano.it\/de\/santa-maria-di-staffarda-abtei\/besuchen-sie-staffarda\/#primaryimage\",\"url\":\"https:\/\/www.ordinemauriziano.it\/wp-content\/uploads\/2023\/07\/23-fom-sito-web-asset-staffarda-header.jpg\",\"contentUrl\":\"https:\/\/www.ordinemauriziano.it\/wp-content\/uploads\/2023\/07\/23-fom-sito-web-asset-staffarda-header.jpg\",\"width\":1920,\"height\":1080},{\"@type\":\"BreadcrumbList\",\"@id\":\"https:\/\/www.ordinemauriziano.it\/de\/santa-maria-di-staffarda-abtei\/besuchen-sie-staffarda\/#breadcrumb\",\"itemListElement\":[{\"@type\":\"ListItem\",\"position\":1,\"name\":\"Home\",\"item\":\"https:\/\/www.ordinemauriziano.it\/de\/\"},{\"@type\":\"ListItem\",\"position\":2,\"name\":\"Santa Maria di Staffarda Abtei\",\"item\":\"https:\/\/www.ordinemauriziano.it\/de\/santa-maria-di-staffarda-abtei\/\"},{\"@type\":\"ListItem\",\"position\":3,\"name\":\"Besuchen Sie Staffarda: \u00d6ffnungszeiten und Informationen\"}]},{\"@type\":\"WebSite\",\"@id\":\"https:\/\/www.ordinemauriziano.it\/de\/#website\",\"url\":\"https:\/\/www.ordinemauriziano.it\/de\/\",\"name\":\"Fondazione Ordine Mauriziano\",\"description\":\"\",\"publisher\":{\"@id\":\"https:\/\/www.ordinemauriziano.it\/de\/#organization\"},\"potentialAction\":[{\"@type\":\"SearchAction\",\"target\":{\"@type\":\"EntryPoint\",\"urlTemplate\":\"https:\/\/www.ordinemauriziano.it\/de\/?s={search_term_string}\"},\"query-input\":{\"@type\":\"PropertyValueSpecification\",\"valueRequired\":true,\"valueName\":\"search_term_string\"}}],\"inLanguage\":\"de\"},{\"@type\":\"Organization\",\"@id\":\"https:\/\/www.ordinemauriziano.it\/de\/#organization\",\"name\":\"Fondazione Torino Musei\",\"url\":\"https:\/\/www.ordinemauriziano.it\/de\/\",\"logo\":{\"@type\":\"ImageObject\",\"inLanguage\":\"de\",\"@id\":\"https:\/\/www.ordinemauriziano.it\/de\/#\/schema\/logo\/image\/\",\"url\":\"https:\/\/www.ordinemauriziano.it\/wp-content\/uploads\/2022\/05\/Fondazione-Ordine-Mauriziano.png\",\"contentUrl\":\"https:\/\/www.ordinemauriziano.it\/wp-content\/uploads\/2022\/05\/Fondazione-Ordine-Mauriziano.png\",\"width\":233,\"height\":76,\"caption\":\"Fondazione Torino Musei\"},\"image\":{\"@id\":\"https:\/\/www.ordinemauriziano.it\/de\/#\/schema\/logo\/image\/\"},\"sameAs\":[\"https:\/\/www.facebook.com\/PalazzinaStupinigi.Mauriziano\",\"https:\/\/x.com\/Stupinigi_OM\",\"https:\/\/www.youtube.com\/user\/stupinigimauriziano\"]}]}<\/script>\n<!-- \/ Yoast SEO plugin. -->","yoast_head_json":{"title":"Besuchen Sie Staffarda: \u00d6ffnungszeiten und Informationen - Fondazione Ordine Mauriziano","description":"\u00d6ffnungszeiten Von Dienstag bis Sonntag, von 9:00 bis 12:30 Uhr (letzter Einlass um 12:00 Uhr) und von 13:30 bis 17:00 Uhr (letzter Einlass um 16:30 Uhr) - Fondazione Ordine Mauriziano","robots":{"index":"index","follow":"follow","max-snippet":"max-snippet:-1","max-image-preview":"max-image-preview:large","max-video-preview":"max-video-preview:-1"},"canonical":"https:\/\/www.ordinemauriziano.it\/de\/santa-maria-di-staffarda-abtei\/besuchen-sie-staffarda\/","og_locale":"de_DE","og_type":"article","og_title":"Besuchen Sie Staffarda: \u00d6ffnungszeiten und Informationen - Fondazione Ordine Mauriziano","og_description":"\u00d6ffnungszeiten Von Dienstag bis Sonntag, von 9:00 bis 12:30 Uhr (letzter Einlass um 12:00 Uhr) und von 13:30 bis 17:00 Uhr (letzter Einlass um 16:30 Uhr) - Fondazione Ordine Mauriziano","og_url":"https:\/\/www.ordinemauriziano.it\/de\/santa-maria-di-staffarda-abtei\/besuchen-sie-staffarda\/","og_site_name":"Fondazione Ordine Mauriziano","article_publisher":"https:\/\/www.facebook.com\/PalazzinaStupinigi.Mauriziano","og_image":[{"width":1920,"height":1080,"url":"https:\/\/www.ordinemauriziano.it\/wp-content\/uploads\/2023\/07\/23-fom-sito-web-asset-staffarda-header.jpg","type":"image\/jpeg"}],"schema":{"@context":"https:\/\/schema.org","@graph":[{"@type":"WebPage","@id":"https:\/\/www.ordinemauriziano.it\/de\/santa-maria-di-staffarda-abtei\/besuchen-sie-staffarda\/","url":"https:\/\/www.ordinemauriziano.it\/de\/santa-maria-di-staffarda-abtei\/besuchen-sie-staffarda\/","name":"Besuchen Sie Staffarda: \u00d6ffnungszeiten und Informationen - Fondazione Ordine Mauriziano","isPartOf":{"@id":"https:\/\/www.ordinemauriziano.it\/de\/#website"},"primaryImageOfPage":{"@id":"https:\/\/www.ordinemauriziano.it\/de\/santa-maria-di-staffarda-abtei\/besuchen-sie-staffarda\/#primaryimage"},"image":{"@id":"https:\/\/www.ordinemauriziano.it\/de\/santa-maria-di-staffarda-abtei\/besuchen-sie-staffarda\/#primaryimage"},"thumbnailUrl":"https:\/\/www.ordinemauriziano.it\/wp-content\/uploads\/2023\/07\/23-fom-sito-web-asset-staffarda-header.jpg","datePublished":"2024-05-03T08:29:55+00:00","description":"\u00d6ffnungszeiten Von Dienstag bis Sonntag, von 9:00 bis 12:30 Uhr (letzter Einlass um 12:00 Uhr) und von 13:30 bis 17:00 Uhr (letzter Einlass um 16:30 Uhr) - Fondazione Ordine Mauriziano","breadcrumb":{"@id":"https:\/\/www.ordinemauriziano.it\/de\/santa-maria-di-staffarda-abtei\/besuchen-sie-staffarda\/#breadcrumb"},"inLanguage":"de","potentialAction":[{"@type":"ReadAction","target":["https:\/\/www.ordinemauriziano.it\/de\/santa-maria-di-staffarda-abtei\/besuchen-sie-staffarda\/"]}]},{"@type":"ImageObject","inLanguage":"de","@id":"https:\/\/www.ordinemauriziano.it\/de\/santa-maria-di-staffarda-abtei\/besuchen-sie-staffarda\/#primaryimage","url":"https:\/\/www.ordinemauriziano.it\/wp-content\/uploads\/2023\/07\/23-fom-sito-web-asset-staffarda-header.jpg","contentUrl":"https:\/\/www.ordinemauriziano.it\/wp-content\/uploads\/2023\/07\/23-fom-sito-web-asset-staffarda-header.jpg","width":1920,"height":1080},{"@type":"BreadcrumbList","@id":"https:\/\/www.ordinemauriziano.it\/de\/santa-maria-di-staffarda-abtei\/besuchen-sie-staffarda\/#breadcrumb","itemListElement":[{"@type":"ListItem","position":1,"name":"Home","item":"https:\/\/www.ordinemauriziano.it\/de\/"},{"@type":"ListItem","position":2,"name":"Santa Maria di Staffarda Abtei","item":"https:\/\/www.ordinemauriziano.it\/de\/santa-maria-di-staffarda-abtei\/"},{"@type":"ListItem","position":3,"name":"Besuchen Sie Staffarda: \u00d6ffnungszeiten und Informationen"}]},{"@type":"WebSite","@id":"https:\/\/www.ordinemauriziano.it\/de\/#website","url":"https:\/\/www.ordinemauriziano.it\/de\/","name":"Fondazione Ordine Mauriziano","description":"","publisher":{"@id":"https:\/\/www.ordinemauriziano.it\/de\/#organization"},"potentialAction":[{"@type":"SearchAction","target":{"@type":"EntryPoint","urlTemplate":"https:\/\/www.ordinemauriziano.it\/de\/?s={search_term_string}"},"query-input":{"@type":"PropertyValueSpecification","valueRequired":true,"valueName":"search_term_string"}}],"inLanguage":"de"},{"@type":"Organization","@id":"https:\/\/www.ordinemauriziano.it\/de\/#organization","name":"Fondazione Torino Musei","url":"https:\/\/www.ordinemauriziano.it\/de\/","logo":{"@type":"ImageObject","inLanguage":"de","@id":"https:\/\/www.ordinemauriziano.it\/de\/#\/schema\/logo\/image\/","url":"https:\/\/www.ordinemauriziano.it\/wp-content\/uploads\/2022\/05\/Fondazione-Ordine-Mauriziano.png","contentUrl":"https:\/\/www.ordinemauriziano.it\/wp-content\/uploads\/2022\/05\/Fondazione-Ordine-Mauriziano.png","width":233,"height":76,"caption":"Fondazione Torino Musei"},"image":{"@id":"https:\/\/www.ordinemauriziano.it\/de\/#\/schema\/logo\/image\/"},"sameAs":["https:\/\/www.facebook.com\/PalazzinaStupinigi.Mauriziano","https:\/\/x.com\/Stupinigi_OM","https:\/\/www.youtube.com\/user\/stupinigimauriziano"]}]}},"campaignId":"","_links":{"self":[{"href":"https:\/\/www.ordinemauriziano.it\/de\/wp-json\/wp\/v2\/pages\/13391","targetHints":{"allow":["GET"]}}],"collection":[{"href":"https:\/\/www.ordinemauriziano.it\/de\/wp-json\/wp\/v2\/pages"}],"about":[{"href":"https:\/\/www.ordinemauriziano.it\/de\/wp-json\/wp\/v2\/types\/page"}],"author":[{"embeddable":true,"href":"https:\/\/www.ordinemauriziano.it\/de\/wp-json\/wp\/v2\/users\/1"}],"replies":[{"embeddable":true,"href":"https:\/\/www.ordinemauriziano.it\/de\/wp-json\/wp\/v2\/comments?post=13391"}],"version-history":[{"count":9,"href":"https:\/\/www.ordinemauriziano.it\/de\/wp-json\/wp\/v2\/pages\/13391\/revisions"}],"predecessor-version":[{"id":13400,"href":"https:\/\/www.ordinemauriziano.it\/de\/wp-json\/wp\/v2\/pages\/13391\/revisions\/13400"}],"up":[{"embeddable":true,"href":"https:\/\/www.ordinemauriziano.it\/de\/wp-json\/wp\/v2\/pages\/13361"}],"wp:featuredmedia":[{"embeddable":true,"href":"https:\/\/www.ordinemauriziano.it\/de\/wp-json\/wp\/v2\/media\/7816"}],"wp:attachment":[{"href":"https:\/\/www.ordinemauriziano.it\/de\/wp-json\/wp\/v2\/media?parent=13391"}],"curies":[{"name":"wp","href":"https:\/\/api.w.org\/{rel}","templated":true}]}}