{"id":13428,"date":"2024-05-03T10:29:28","date_gmt":"2024-05-03T08:29:28","guid":{"rendered":"https:\/\/www.ordinemauriziano.it\/?page_id=13428"},"modified":"2024-05-08T14:43:23","modified_gmt":"2024-05-08T12:43:23","slug":"ereignissorte","status":"publish","type":"page","link":"https:\/\/www.ordinemauriziano.it\/de\/precettoria-von-santantonio-di-ranverso\/ereignissorte\/","title":{"rendered":"Veranstaltungen und Zeremonien in der Precettoria di Sant\u2019Antonio di Ranverso"},"content":{"rendered":"\t\t<div data-elementor-type=\"wp-page\" data-elementor-id=\"13428\" class=\"elementor elementor-13428 elementor-8179\" data-elementor-post-type=\"page\">\n\t\t\t\t<div class=\"elementor-element elementor-element-90e47c8 e-flex e-con-boxed e-con e-parent\" data-id=\"90e47c8\" data-element_type=\"container\" data-e-type=\"container\" data-settings=\"{&quot;background_background&quot;:&quot;classic&quot;}\">\n\t\t\t\t\t<div class=\"e-con-inner\">\n\t\t\t\t<div class=\"elementor-element elementor-element-90024fb animation_type_block sc_fly_static elementor-widget elementor-widget-text-editor\" data-id=\"90024fb\" data-element_type=\"widget\" data-e-type=\"widget\" data-widget_type=\"text-editor.default\">\n\t\t\t\t<div class=\"elementor-widget-container\">\n\t\t\t\t\t\t\t\t\t<p>Die Precettoria von Sant&#8217;Antonio di Ranverso ( Pr\u00e4zeptorei des Heiligen Antonius von Ranverso) bietet R\u00e4ume f\u00fcr Ihre <strong>perfekte Ereignisse, Partys, Zeremonie, Kunstausstellung und kulturelle Aktivit\u00e4ten<\/strong>. Die mittelalterliche Atmosph\u00e4re der Pr\u00e4zeptorei <strong>wird zu einem unvergleichlichen Rahmen<\/strong>, <strong>um Ihre besonderen Momente zu feiern.<\/strong> Dar\u00fcber hinaus ist der Au\u00dfenbereich ideal f\u00fcr einen Empfang inmitten von Geschichte und Natur.<\/p><p>Mit seinem gotischen Look und seiner esoterischen Aura ist Sant&#8216; Antonio di Ranverso zweifellos ein <strong>ungew\u00f6hnlicher Ort<\/strong> f\u00fcr historische Gedenkfeiern und Theaterauff\u00fchrungen. Wir erwarten Sie, um Ihre Ideen an einem der bezauberndsten Orte im Piemont willkommen zu hei\u00dfen.<\/p>\t\t\t\t\t\t\t\t<\/div>\n\t\t\t\t<\/div>\n\t\t\t\t\t<\/div>\n\t\t\t\t<\/div>\n\t\t<div class=\"elementor-element elementor-element-b433b3e e-con-full e-flex e-con e-parent\" data-id=\"b433b3e\" data-element_type=\"container\" data-e-type=\"container\" data-settings=\"{&quot;background_background&quot;:&quot;classic&quot;}\">\n\t\t<div class=\"elementor-element elementor-element-d203c25 e-con-full e-flex e-con e-child\" data-id=\"d203c25\" data-element_type=\"container\" data-e-type=\"container\">\n\t\t\t\t<div class=\"elementor-element elementor-element-d837417 animation_type_block sc_fly_static elementor-widget elementor-widget-google_maps\" data-id=\"d837417\" data-element_type=\"widget\" data-e-type=\"widget\" data-widget_type=\"google_maps.default\">\n\t\t\t\t<div class=\"elementor-widget-container\">\n\t\t\t\t\t\t\t<div class=\"elementor-custom-embed\">\n\t\t\t<iframe loading=\"lazy\"\n\t\t\t\t\tsrc=\"https:\/\/maps.google.com\/maps?q=precettoria%20ranverso&#038;t=m&#038;z=15&#038;output=embed&#038;iwloc=near\"\n\t\t\t\t\ttitle=\"precettoria ranverso\"\n\t\t\t\t\taria-label=\"precettoria ranverso\"\n\t\t\t><\/iframe>\n\t\t<\/div>\n\t\t\t\t\t\t<\/div>\n\t\t\t\t<\/div>\n\t\t\t\t<\/div>\n\t\t<div class=\"elementor-element elementor-element-843e83c e-con-full e-flex e-con e-child\" data-id=\"843e83c\" data-element_type=\"container\" data-e-type=\"container\">\n\t\t\t\t<div class=\"elementor-element elementor-element-ebd3339 animation_type_block sc_fly_static elementor-widget elementor-widget-heading\" data-id=\"ebd3339\" data-element_type=\"widget\" data-e-type=\"widget\" data-widget_type=\"heading.default\">\n\t\t\t\t<div class=\"elementor-widget-container\">\n\t\t\t\t\t<h2 class=\"elementor-heading-title elementor-size-default\">Infos und Kontakte<\/h2>\t\t\t\t<\/div>\n\t\t\t\t<\/div>\n\t\t\t\t<div class=\"elementor-element elementor-element-3f81eb5 animation_type_block sc_fly_static elementor-widget elementor-widget-text-editor\" data-id=\"3f81eb5\" data-element_type=\"widget\" data-e-type=\"widget\" data-widget_type=\"text-editor.default\">\n\t\t\t\t<div class=\"elementor-widget-container\">\n\t\t\t\t\t\t\t\t\t<p style=\"font-family: Metropolis, sans-serif; font-size: 15px; line-height: inherit; font-weight: 400; font-style: normal;\"><strong>Ortschaft Sant&#8217;Antonio di Ranverso<\/strong><br \/><strong style=\"font-size: 15px;\">10090 Buttigliera Alta (TO)<\/strong><\/p><p style=\"font-family: Metropolis, sans-serif; font-size: 15px; line-height: inherit; font-weight: 400; font-style: normal;\">+39 011 6200603<br \/>ranverso@biglietteria.<wbr \/>ordinemauriziano.it<\/p>\t\t\t\t\t\t\t\t<\/div>\n\t\t\t\t<\/div>\n\t\t\t\t<\/div>\n\t\t\t\t<\/div>\n\t\t\t\t<\/div>\n\t\t","protected":false},"excerpt":{"rendered":"<p>Die Precettoria von Sant&#8217;Antonio di Ranverso ( Pr\u00e4zeptorei des Heiligen Antonius von Ranverso) bietet R\u00e4ume f\u00fcr Ihre perfekte Ereignisse, Partys, Zeremonie, Kunstausstellung und kulturelle Aktivit\u00e4ten. Die mittelalterliche Atmosph\u00e4re der Pr\u00e4zeptorei wird zu einem unvergleichlichen Rahmen, um Ihre besonderen Momente zu feiern. Dar\u00fcber hinaus ist der&hellip;<\/p>\n","protected":false},"author":1,"featured_media":8459,"parent":13401,"menu_order":0,"comment_status":"closed","ping_status":"closed","template":"","meta":{"give_campaign_id":0,"footnotes":""},"class_list":["post-13428","page","type-page","status-publish","has-post-thumbnail","hentry"],"yoast_head":"<!-- This site is optimized with the Yoast SEO plugin v27.2 - https:\/\/yoast.com\/product\/yoast-seo-wordpress\/ -->\n<title>Veranstaltungen und Zeremonien in der Precettoria di Sant\u2019Antonio di Ranverso - Fondazione Ordine Mauriziano<\/title>\n<meta name=\"description\" content=\"Die Precettoria von Sant&#039;Antonio di Ranverso ( Pr\u00e4zeptorei des Heiligen Antonius von Ranverso) bietet R\u00e4ume f\u00fcr Ihre perfekte Ereignisse, Partys, - Fondazione Ordine Mauriziano\" \/>\n<meta name=\"robots\" content=\"index, follow, max-snippet:-1, max-image-preview:large, max-video-preview:-1\" \/>\n<link rel=\"canonical\" href=\"https:\/\/www.ordinemauriziano.it\/de\/precettoria-von-santantonio-di-ranverso\/ereignissorte\/\" \/>\n<meta property=\"og:locale\" content=\"de_DE\" \/>\n<meta property=\"og:type\" content=\"article\" \/>\n<meta property=\"og:title\" content=\"Veranstaltungen und Zeremonien in der Precettoria di Sant\u2019Antonio di Ranverso - Fondazione Ordine Mauriziano\" \/>\n<meta property=\"og:description\" content=\"Die Precettoria von Sant&#039;Antonio di Ranverso ( Pr\u00e4zeptorei des Heiligen Antonius von Ranverso) bietet R\u00e4ume f\u00fcr Ihre perfekte Ereignisse, Partys, - Fondazione Ordine Mauriziano\" \/>\n<meta property=\"og:url\" content=\"https:\/\/www.ordinemauriziano.it\/de\/precettoria-von-santantonio-di-ranverso\/ereignissorte\/\" \/>\n<meta property=\"og:site_name\" content=\"Fondazione Ordine Mauriziano\" \/>\n<meta property=\"article:publisher\" content=\"https:\/\/www.facebook.com\/PalazzinaStupinigi.Mauriziano\" \/>\n<meta property=\"article:modified_time\" content=\"2024-05-08T12:43:23+00:00\" \/>\n<meta property=\"og:image\" content=\"https:\/\/www.ordinemauriziano.it\/wp-content\/uploads\/2023\/08\/23-fom-ranverso-header-2.jpg\" \/>\n\t<meta property=\"og:image:width\" content=\"1920\" \/>\n\t<meta property=\"og:image:height\" content=\"1080\" \/>\n\t<meta property=\"og:image:type\" content=\"image\/jpeg\" \/>\n<script type=\"application\/ld+json\" class=\"yoast-schema-graph\">{\"@context\":\"https:\/\/schema.org\",\"@graph\":[{\"@type\":\"WebPage\",\"@id\":\"https:\/\/www.ordinemauriziano.it\/de\/precettoria-von-santantonio-di-ranverso\/ereignissorte\/\",\"url\":\"https:\/\/www.ordinemauriziano.it\/de\/precettoria-von-santantonio-di-ranverso\/ereignissorte\/\",\"name\":\"Veranstaltungen und Zeremonien in der Precettoria di Sant\u2019Antonio di Ranverso - Fondazione Ordine Mauriziano\",\"isPartOf\":{\"@id\":\"https:\/\/www.ordinemauriziano.it\/de\/#website\"},\"primaryImageOfPage\":{\"@id\":\"https:\/\/www.ordinemauriziano.it\/de\/precettoria-von-santantonio-di-ranverso\/ereignissorte\/#primaryimage\"},\"image\":{\"@id\":\"https:\/\/www.ordinemauriziano.it\/de\/precettoria-von-santantonio-di-ranverso\/ereignissorte\/#primaryimage\"},\"thumbnailUrl\":\"https:\/\/www.ordinemauriziano.it\/wp-content\/uploads\/2023\/08\/23-fom-ranverso-header-2.jpg\",\"datePublished\":\"2024-05-03T08:29:28+00:00\",\"dateModified\":\"2024-05-08T12:43:23+00:00\",\"description\":\"Die Precettoria von Sant'Antonio di Ranverso ( Pr\u00e4zeptorei des Heiligen Antonius von Ranverso) bietet R\u00e4ume f\u00fcr Ihre perfekte Ereignisse, Partys, - Fondazione Ordine Mauriziano\",\"breadcrumb\":{\"@id\":\"https:\/\/www.ordinemauriziano.it\/de\/precettoria-von-santantonio-di-ranverso\/ereignissorte\/#breadcrumb\"},\"inLanguage\":\"de\",\"potentialAction\":[{\"@type\":\"ReadAction\",\"target\":[\"https:\/\/www.ordinemauriziano.it\/de\/precettoria-von-santantonio-di-ranverso\/ereignissorte\/\"]}]},{\"@type\":\"ImageObject\",\"inLanguage\":\"de\",\"@id\":\"https:\/\/www.ordinemauriziano.it\/de\/precettoria-von-santantonio-di-ranverso\/ereignissorte\/#primaryimage\",\"url\":\"https:\/\/www.ordinemauriziano.it\/wp-content\/uploads\/2023\/08\/23-fom-ranverso-header-2.jpg\",\"contentUrl\":\"https:\/\/www.ordinemauriziano.it\/wp-content\/uploads\/2023\/08\/23-fom-ranverso-header-2.jpg\",\"width\":1920,\"height\":1080},{\"@type\":\"BreadcrumbList\",\"@id\":\"https:\/\/www.ordinemauriziano.it\/de\/precettoria-von-santantonio-di-ranverso\/ereignissorte\/#breadcrumb\",\"itemListElement\":[{\"@type\":\"ListItem\",\"position\":1,\"name\":\"Home\",\"item\":\"https:\/\/www.ordinemauriziano.it\/de\/\"},{\"@type\":\"ListItem\",\"position\":2,\"name\":\"Precettoria von Sant\u2019Antonio di Ranverso\",\"item\":\"https:\/\/www.ordinemauriziano.it\/de\/precettoria-von-santantonio-di-ranverso\/\"},{\"@type\":\"ListItem\",\"position\":3,\"name\":\"Veranstaltungen und Zeremonien in der Precettoria di Sant\u2019Antonio di Ranverso\"}]},{\"@type\":\"WebSite\",\"@id\":\"https:\/\/www.ordinemauriziano.it\/de\/#website\",\"url\":\"https:\/\/www.ordinemauriziano.it\/de\/\",\"name\":\"Fondazione Ordine Mauriziano\",\"description\":\"\",\"publisher\":{\"@id\":\"https:\/\/www.ordinemauriziano.it\/de\/#organization\"},\"potentialAction\":[{\"@type\":\"SearchAction\",\"target\":{\"@type\":\"EntryPoint\",\"urlTemplate\":\"https:\/\/www.ordinemauriziano.it\/de\/?s={search_term_string}\"},\"query-input\":{\"@type\":\"PropertyValueSpecification\",\"valueRequired\":true,\"valueName\":\"search_term_string\"}}],\"inLanguage\":\"de\"},{\"@type\":\"Organization\",\"@id\":\"https:\/\/www.ordinemauriziano.it\/de\/#organization\",\"name\":\"Fondazione Torino Musei\",\"url\":\"https:\/\/www.ordinemauriziano.it\/de\/\",\"logo\":{\"@type\":\"ImageObject\",\"inLanguage\":\"de\",\"@id\":\"https:\/\/www.ordinemauriziano.it\/de\/#\/schema\/logo\/image\/\",\"url\":\"https:\/\/www.ordinemauriziano.it\/wp-content\/uploads\/2022\/05\/Fondazione-Ordine-Mauriziano.png\",\"contentUrl\":\"https:\/\/www.ordinemauriziano.it\/wp-content\/uploads\/2022\/05\/Fondazione-Ordine-Mauriziano.png\",\"width\":233,\"height\":76,\"caption\":\"Fondazione Torino Musei\"},\"image\":{\"@id\":\"https:\/\/www.ordinemauriziano.it\/de\/#\/schema\/logo\/image\/\"},\"sameAs\":[\"https:\/\/www.facebook.com\/PalazzinaStupinigi.Mauriziano\",\"https:\/\/x.com\/Stupinigi_OM\",\"https:\/\/www.youtube.com\/user\/stupinigimauriziano\"]}]}<\/script>\n<!-- \/ Yoast SEO plugin. -->","yoast_head_json":{"title":"Veranstaltungen und Zeremonien in der Precettoria di Sant\u2019Antonio di Ranverso - Fondazione Ordine Mauriziano","description":"Die Precettoria von Sant'Antonio di Ranverso ( Pr\u00e4zeptorei des Heiligen Antonius von Ranverso) bietet R\u00e4ume f\u00fcr Ihre perfekte Ereignisse, Partys, - Fondazione Ordine Mauriziano","robots":{"index":"index","follow":"follow","max-snippet":"max-snippet:-1","max-image-preview":"max-image-preview:large","max-video-preview":"max-video-preview:-1"},"canonical":"https:\/\/www.ordinemauriziano.it\/de\/precettoria-von-santantonio-di-ranverso\/ereignissorte\/","og_locale":"de_DE","og_type":"article","og_title":"Veranstaltungen und Zeremonien in der Precettoria di Sant\u2019Antonio di Ranverso - Fondazione Ordine Mauriziano","og_description":"Die Precettoria von Sant'Antonio di Ranverso ( Pr\u00e4zeptorei des Heiligen Antonius von Ranverso) bietet R\u00e4ume f\u00fcr Ihre perfekte Ereignisse, Partys, - Fondazione Ordine Mauriziano","og_url":"https:\/\/www.ordinemauriziano.it\/de\/precettoria-von-santantonio-di-ranverso\/ereignissorte\/","og_site_name":"Fondazione Ordine Mauriziano","article_publisher":"https:\/\/www.facebook.com\/PalazzinaStupinigi.Mauriziano","article_modified_time":"2024-05-08T12:43:23+00:00","og_image":[{"width":1920,"height":1080,"url":"https:\/\/www.ordinemauriziano.it\/wp-content\/uploads\/2023\/08\/23-fom-ranverso-header-2.jpg","type":"image\/jpeg"}],"schema":{"@context":"https:\/\/schema.org","@graph":[{"@type":"WebPage","@id":"https:\/\/www.ordinemauriziano.it\/de\/precettoria-von-santantonio-di-ranverso\/ereignissorte\/","url":"https:\/\/www.ordinemauriziano.it\/de\/precettoria-von-santantonio-di-ranverso\/ereignissorte\/","name":"Veranstaltungen und Zeremonien in der Precettoria di Sant\u2019Antonio di Ranverso - Fondazione Ordine Mauriziano","isPartOf":{"@id":"https:\/\/www.ordinemauriziano.it\/de\/#website"},"primaryImageOfPage":{"@id":"https:\/\/www.ordinemauriziano.it\/de\/precettoria-von-santantonio-di-ranverso\/ereignissorte\/#primaryimage"},"image":{"@id":"https:\/\/www.ordinemauriziano.it\/de\/precettoria-von-santantonio-di-ranverso\/ereignissorte\/#primaryimage"},"thumbnailUrl":"https:\/\/www.ordinemauriziano.it\/wp-content\/uploads\/2023\/08\/23-fom-ranverso-header-2.jpg","datePublished":"2024-05-03T08:29:28+00:00","dateModified":"2024-05-08T12:43:23+00:00","description":"Die Precettoria von Sant'Antonio di Ranverso ( Pr\u00e4zeptorei des Heiligen Antonius von Ranverso) bietet R\u00e4ume f\u00fcr Ihre perfekte Ereignisse, Partys, - Fondazione Ordine Mauriziano","breadcrumb":{"@id":"https:\/\/www.ordinemauriziano.it\/de\/precettoria-von-santantonio-di-ranverso\/ereignissorte\/#breadcrumb"},"inLanguage":"de","potentialAction":[{"@type":"ReadAction","target":["https:\/\/www.ordinemauriziano.it\/de\/precettoria-von-santantonio-di-ranverso\/ereignissorte\/"]}]},{"@type":"ImageObject","inLanguage":"de","@id":"https:\/\/www.ordinemauriziano.it\/de\/precettoria-von-santantonio-di-ranverso\/ereignissorte\/#primaryimage","url":"https:\/\/www.ordinemauriziano.it\/wp-content\/uploads\/2023\/08\/23-fom-ranverso-header-2.jpg","contentUrl":"https:\/\/www.ordinemauriziano.it\/wp-content\/uploads\/2023\/08\/23-fom-ranverso-header-2.jpg","width":1920,"height":1080},{"@type":"BreadcrumbList","@id":"https:\/\/www.ordinemauriziano.it\/de\/precettoria-von-santantonio-di-ranverso\/ereignissorte\/#breadcrumb","itemListElement":[{"@type":"ListItem","position":1,"name":"Home","item":"https:\/\/www.ordinemauriziano.it\/de\/"},{"@type":"ListItem","position":2,"name":"Precettoria von Sant\u2019Antonio di Ranverso","item":"https:\/\/www.ordinemauriziano.it\/de\/precettoria-von-santantonio-di-ranverso\/"},{"@type":"ListItem","position":3,"name":"Veranstaltungen und Zeremonien in der Precettoria di Sant\u2019Antonio di Ranverso"}]},{"@type":"WebSite","@id":"https:\/\/www.ordinemauriziano.it\/de\/#website","url":"https:\/\/www.ordinemauriziano.it\/de\/","name":"Fondazione Ordine Mauriziano","description":"","publisher":{"@id":"https:\/\/www.ordinemauriziano.it\/de\/#organization"},"potentialAction":[{"@type":"SearchAction","target":{"@type":"EntryPoint","urlTemplate":"https:\/\/www.ordinemauriziano.it\/de\/?s={search_term_string}"},"query-input":{"@type":"PropertyValueSpecification","valueRequired":true,"valueName":"search_term_string"}}],"inLanguage":"de"},{"@type":"Organization","@id":"https:\/\/www.ordinemauriziano.it\/de\/#organization","name":"Fondazione Torino Musei","url":"https:\/\/www.ordinemauriziano.it\/de\/","logo":{"@type":"ImageObject","inLanguage":"de","@id":"https:\/\/www.ordinemauriziano.it\/de\/#\/schema\/logo\/image\/","url":"https:\/\/www.ordinemauriziano.it\/wp-content\/uploads\/2022\/05\/Fondazione-Ordine-Mauriziano.png","contentUrl":"https:\/\/www.ordinemauriziano.it\/wp-content\/uploads\/2022\/05\/Fondazione-Ordine-Mauriziano.png","width":233,"height":76,"caption":"Fondazione Torino Musei"},"image":{"@id":"https:\/\/www.ordinemauriziano.it\/de\/#\/schema\/logo\/image\/"},"sameAs":["https:\/\/www.facebook.com\/PalazzinaStupinigi.Mauriziano","https:\/\/x.com\/Stupinigi_OM","https:\/\/www.youtube.com\/user\/stupinigimauriziano"]}]}},"campaignId":"","_links":{"self":[{"href":"https:\/\/www.ordinemauriziano.it\/de\/wp-json\/wp\/v2\/pages\/13428","targetHints":{"allow":["GET"]}}],"collection":[{"href":"https:\/\/www.ordinemauriziano.it\/de\/wp-json\/wp\/v2\/pages"}],"about":[{"href":"https:\/\/www.ordinemauriziano.it\/de\/wp-json\/wp\/v2\/types\/page"}],"author":[{"embeddable":true,"href":"https:\/\/www.ordinemauriziano.it\/de\/wp-json\/wp\/v2\/users\/1"}],"replies":[{"embeddable":true,"href":"https:\/\/www.ordinemauriziano.it\/de\/wp-json\/wp\/v2\/comments?post=13428"}],"version-history":[{"count":8,"href":"https:\/\/www.ordinemauriziano.it\/de\/wp-json\/wp\/v2\/pages\/13428\/revisions"}],"predecessor-version":[{"id":13638,"href":"https:\/\/www.ordinemauriziano.it\/de\/wp-json\/wp\/v2\/pages\/13428\/revisions\/13638"}],"up":[{"embeddable":true,"href":"https:\/\/www.ordinemauriziano.it\/de\/wp-json\/wp\/v2\/pages\/13401"}],"wp:featuredmedia":[{"embeddable":true,"href":"https:\/\/www.ordinemauriziano.it\/de\/wp-json\/wp\/v2\/media\/8459"}],"wp:attachment":[{"href":"https:\/\/www.ordinemauriziano.it\/de\/wp-json\/wp\/v2\/media?parent=13428"}],"curies":[{"name":"wp","href":"https:\/\/api.w.org\/{rel}","templated":true}]}}